{"id":179,"date":"2013-03-09T17:47:35","date_gmt":"2013-03-09T17:47:35","guid":{"rendered":"http:\/\/www.optowest.fi\/?page_id=179"},"modified":"2022-01-27T09:46:03","modified_gmt":"2022-01-27T09:46:03","slug":"usein-kysytyt-kysymykset","status":"publish","type":"page","link":"https:\/\/www.optowest.fi\/?page_id=179","title":{"rendered":"Usein kysytyt kysymykset"},"content":{"rendered":"<h3>Mitk\u00e4 tiedot ker\u00e4\u00e4t\u00e4\u00e4n minusta?<\/h3>\n<p><a href=\"https:\/\/www.optowest.fi\/wp-content\/uploads\/2013\/03\/Tietosuojaselostus_2018_05_25.pdf\">Tietosuojaselostusksemme\u00a0<\/a> kertoo mitk\u00e4 tiedot Osuuskunta Optowest ker\u00e4\u00e4 sinusta ja mihin tarkoitukseen.<\/p>\n<p><strong>Valokuitua koskevia usein kysyttyj\u00e4 kysymyksi\u00e4 ja v\u00e4itt\u00e4mi\u00e4<\/strong><\/p>\n<h3>1. En min\u00e4 valokuitua tarvitse, p\u00e4rj\u00e4\u00e4n mainiosti nykyisell\u00e4 laajakaistalla!<\/h3>\n<p>Hyv\u00e4 n\u00e4in, mutta kehitys ei pys\u00e4hdy. Viel\u00e4 4-5 vuotta sitten \u201dp\u00e4rj\u00e4ttiin\u201d laajakaistanopeuksilla, jotka nyt eiv\u00e4t en\u00e4\u00e4 riit\u00e4. Kaiken aikaa ilmestyy lis\u00e4\u00e4 palveluita, jotka vaativat yh\u00e4 enemm\u00e4n liittymilt\u00e4mme. Nykyiset puhelinlinjamme ovat saavuttaneet kykyjens\u00e4 yl\u00e4rajan.<\/p>\n<h3>2. Miksi valokuitu?<\/h3>\n<p>Se on ainoa tulevaisuusvarma tekniikka. Yhden ainoan, hiuskarvan paksuisen kuidun kapasiteetti riitt\u00e4\u00e4 Suomen koko nykyisen tiedonsiirtotarpeen siirt\u00e4miseksi.<\/p>\n<p>Se toimii valon, ei s\u00e4hk\u00f6n avulla = ukkoselle immuuni, usein maahan kaivettu ja ilmoilta suojattu<\/p>\n<p>Suoriutuu monenlaisesta liikenteest\u00e4; luonnollisesti dataa, mutta my\u00f6s puhelinliikennett\u00e4 ja esimerkiksi TV-l\u00e4hetyksi\u00e4.<\/p>\n<h3>3. Langattomat ratkaisut nopeutuvat kaiken aikaa!<\/h3>\n<p>Pit\u00e4\u00e4 paikkansa. Mutta suuremmat nopeudet tarkoittavat suurempaa taajuutta, mik\u00e4 vuorostaan merkitsee lyhyemp\u00e4\u00e4 kantamaa. Julkistetut supernopeat langattomat ratkaisut selvi\u00e4v\u00e4t teoriassakin vain muutaman sadan metrin et\u00e4isyyksill\u00e4, k\u00e4yt\u00e4nn\u00f6ss\u00e4 huomattavasti t\u00e4t\u00e4 lyhyemmill\u00e4.<\/p>\n<p>Lue lis\u00e4\u00e4 aiheesta esim. osoitteesta\u00a0<a href=\"http:\/\/wirelessgigabitalliance.org\/\">http:\/\/wirelessgigabitalliance.org<\/a><\/p>\n<p>N\u00e4m\u00e4 nopeat langattomat ratkaisut sopivat erinomaisesti kodin sis\u00e4ll\u00e4 tapahtuvaan tiedonsiirtoon, jolloin v\u00e4ltyt\u00e4\u00e4n johtovedoilta ja kaapelinipulta, mutta niist\u00e4 ei ole tiedonsiirtoon ulkoa kotiin.<\/p>\n<p>Langaton siirtokapasiteetti ei ole rajaton ja se on ensisijaisesti varattava niihin sovelluksiin, joissa viestint\u00e4 vaatii t\u00e4llaisen ratkaisun, esim. viestint\u00e4 liikkuviin kohteisiin tai niist\u00e4 pois (auto, lentokone, juna, laiva jne.)<\/p>\n<h3>4. Miksi meid\u00e4n pit\u00e4\u00e4 rakentaa, kai operaattorit sen tekev\u00e4t?<\/h3>\n<p>Kyll\u00e4 kai rakentavat. Taajamiin. Operaattorit toimivat kaupalliselta pohjalta ja he laskevat saavansa sijoittamansa p\u00e4\u00e4oman takaisin suhteellisen lyhyen ajan puitteissa. T\u00e4m\u00e4 tarkoittaa, ett\u00e4 verkon rakentamisen on oltava kannattavaa, ja silloin vaaditaan mahdollisimman monta liittym\u00e4\u00e4 mahdollisimman pienell\u00e4 panostuksella.<\/p>\n<p>Haja-asutusalue on jotain aivan muuta. Kukaan operaattori ei ole osoittanut kiinnostusta harvaan asutulle alueelle rakentamista kohtaan. Jos haluamme haja-asutusalueelle nopeita laajakaistoja, meid\u00e4n on ne itse rakennettava.<\/p>\n<p>Ja, mik\u00e4 t\u00e4rkeint\u00e4! Jos omistamme verkon, voimme taata vapaan ja avoimen verkon, jossa kaikki operaattorit voivat kilpailla palveluillaan yht\u00e4l\u00e4isill\u00e4 ehdoilla, emme j\u00e4\u00e4 yhden ainoan operaattorin k\u00e4siin.<\/p>\n<h3>5. Miksi osuuskunta?<\/h3>\n<p>Jos aiomme itse rakentaa, tulee meid\u00e4n organisoitua jotenkin.\u00a0 Osuuskunta on koettu ja toimivaksi havaittu yhti\u00f6muoto, jota on k\u00e4ytetty ja edelleen k\u00e4ytet\u00e4\u00e4n useissa samankaltaisissa yhteyksiss\u00e4. Ajattele vaikka puhelinliikenteen alkuaikoja tai vesiosuuskuntia tai S-liikeketjun alkua tai sit\u00e4 kuinka tiekunta toimii.<\/p>\n<h3>6. Mihin sit\u00e4 tarvitaan?<\/h3>\n<p>Tarve on jo olemassa, etenkin kuvansiirron yhteydess\u00e4. Kuvakoot ja internetin kautta saatavien\u00a0 kuvien m\u00e4\u00e4r\u00e4t ovat muutamassa vuodessa kasvaneet r\u00e4j\u00e4hdysm\u00e4isesti, eik\u00e4 t\u00e4m\u00e4n kehityksen pys\u00e4htymisest\u00e4 ole merkki\u00e4k\u00e4\u00e4n havaittavissa. Mahdollisuudet ladata tai katsoa elokuvia tai tv-sarjoja internetiss\u00e4 lis\u00e4\u00e4ntyv\u00e4t joka p\u00e4iv\u00e4. Monet TV-yhti\u00f6t ovat ihan viime vuoden aikana laajentanut palveluaan, mik\u00e4 t\u00e4ll\u00e4 hetkell\u00e4 k\u00e4yt\u00e4nn\u00f6ss\u00e4 tarkoittaa, ett\u00e4 suosituimpien tv-sarjojen viimeisin jakso on n\u00e4ht\u00e4viss\u00e4 verkossa heti senj\u00e4lkeen kun jakso on l\u00e4hetetty \u201dtavallisessa\u201d televisiossa. Useat yhti\u00f6t tarjoavat mahdollisuutta liitty\u00e4 kaapeli-tv:n tilaajaksi, jos vain on riitt\u00e4v\u00e4n nopea laajakaistayhteys (= valokaapeli) k\u00e4ytett\u00e4viss\u00e4. Ajattele, ei en\u00e4\u00e4 antenneja katolla!<\/p>\n<p>Et\u00e4ty\u00f6skentely, tuo muutaman vuoden\u00a0 takainen muotisana, ei ole oikein ottanut tulta, riippuen enimm\u00e4kseeen riitt\u00e4v\u00e4n nopeiden tietoliikenneyhteyksien\u00a0 puutteesta. Mutta se ei tarkoita sit\u00e4, etteiv\u00e4tk\u00f6 ihmiset olisi kiinnostuneita et\u00e4ty\u00f6skentelyst\u00e4. Ja maallahan ihmiset haluavat olla ja et\u00e4ty\u00f6skennell\u00e4. Et\u00e4ty\u00f6skentely s\u00e4\u00e4st\u00e4isi sit\u00e4paitsi kustannuksia, v\u00e4hent\u00e4isi matkustelua ja olisi ymp\u00e4rist\u00f6lle yst\u00e4v\u00e4llisemp\u00e4\u00e4.<\/p>\n<h3>7. Se on liian kallista, ei minulla ole varaa n. 3000 euron liittymismaksuun!<\/h3>\n<p>Niink\u00f6h\u00e4n! Ja mit\u00e4h\u00e4n nykyinen laajakaista sitten maksaa? Vain nelj\u00e4ss\u00e4-viidess\u00e4 vuodessa sijoitamme siihen yht\u00e4 paljon rahaa ja olemme saaneet \u2013 &#8211; mit\u00e4? Tottakai se maksaa rahaa, sen se tekee riippumatta siit\u00e4, kuka sen rakentaa, mutta jos sijoitamme siihen itse niin omistamme my\u00f6s itse jotakin. Kukaan ei voi tulla ja poistaa verkkoyhteytt\u00e4mme, kuten nyt monissa paikoissa (mm. Bromarvissa) tapahtuu puhelinlinjojen kohdalta.<\/p>\n","protected":false},"excerpt":{"rendered":"<p>Mitk\u00e4 tiedot ker\u00e4\u00e4t\u00e4\u00e4n minusta? Tietosuojaselostusksemme\u00a0 kertoo mitk\u00e4 tiedot Osuuskunta Optowest ker\u00e4\u00e4 sinusta ja mihin tarkoitukseen. Valokuitua koskevia usein kysyttyj\u00e4 kysymyksi\u00e4 ja v\u00e4itt\u00e4mi\u00e4 1. En min\u00e4 valokuitua tarvitse, p\u00e4rj\u00e4\u00e4n mainiosti nykyisell\u00e4 laajakaistalla! Hyv\u00e4 n\u00e4in, mutta kehitys ei pys\u00e4hdy. Viel\u00e4 4-5 vuotta sitten \u201dp\u00e4rj\u00e4ttiin\u201d laajakaistanopeuksilla, jotka nyt eiv\u00e4t en\u00e4\u00e4 riit\u00e4. Kaiken aikaa ilmestyy lis\u00e4\u00e4 palveluita, jotka vaativat [&hellip;]<\/p>\n","protected":false},"author":1,"featured_media":0,"parent":0,"menu_order":0,"comment_status":"open","ping_status":"open","template":"","meta":{"footnotes":""},"class_list":["post-179","page","type-page","status-publish","hentry"],"_links":{"self":[{"href":"https:\/\/www.optowest.fi\/index.php?rest_route=\/wp\/v2\/pages\/179","targetHints":{"allow":["GET"]}}],"collection":[{"href":"https:\/\/www.optowest.fi\/index.php?rest_route=\/wp\/v2\/pages"}],"about":[{"href":"https:\/\/www.optowest.fi\/index.php?rest_route=\/wp\/v2\/types\/page"}],"author":[{"embeddable":true,"href":"https:\/\/www.optowest.fi\/index.php?rest_route=\/wp\/v2\/users\/1"}],"replies":[{"embeddable":true,"href":"https:\/\/www.optowest.fi\/index.php?rest_route=%2Fwp%2Fv2%2Fcomments&post=179"}],"version-history":[{"count":9,"href":"https:\/\/www.optowest.fi\/index.php?rest_route=\/wp\/v2\/pages\/179\/revisions"}],"predecessor-version":[{"id":2327,"href":"https:\/\/www.optowest.fi\/index.php?rest_route=\/wp\/v2\/pages\/179\/revisions\/2327"}],"wp:attachment":[{"href":"https:\/\/www.optowest.fi\/index.php?rest_route=%2Fwp%2Fv2%2Fmedia&parent=179"}],"curies":[{"name":"wp","href":"https:\/\/api.w.org\/{rel}","templated":true}]}}