{"id":185,"date":"2013-03-09T17:56:44","date_gmt":"2013-03-09T17:56:44","guid":{"rendered":"http:\/\/www.optowest.fi\/?page_id=185"},"modified":"2021-12-15T11:41:19","modified_gmt":"2021-12-15T11:41:19","slug":"hinnasto","status":"publish","type":"page","link":"https:\/\/www.optowest.fi\/?page_id=185","title":{"rendered":"HINNASTO"},"content":{"rendered":"<h1>Osuuskunta\u00a0Optowestin hinnasto<\/h1>\n<h2>&#8211;<strong><br \/>\nOsuuskunta\u00a0Optowestin osakkuus<\/strong><\/h2>\n<h3><strong>Liittyminen j\u00e4seneksi osuuskuntaan, osuuden merkint\u00e4hinta 200 \u20ac, joka on sama kuin osuuden nimellisarvo.<\/strong><\/h3>\n<p><em>J\u00e4sen on otettava v\u00e4hint\u00e4\u00e4n yksi (1) osuus sek\u00e4 yksi (1) osuus jokaista valokuituliittym\u00e4\u00e4 kohden. Osuuden nimellisarvo (osuusmaksu) on 200 \u20ac<br \/>\n.<br \/>\n<\/em><\/p>\n<h2><strong>Valokuituliittym\u00e4<\/strong><\/h2>\n<h4>.<\/h4>\n<h4><strong>Vaihtoehto 1) Osuus valokuituliittym\u00e4lle, merkint\u00e4hinta 3150 \u20ac, josta 200 \u20ac on osuuden nimellisarvo. Vaatii osuuskunnan j\u00e4sennyytt\u00e4. Osuus osuuskunnassa on alv-veroton. Osuuskunta veloittaa lis\u00e4maksun mik\u00e4li valokuituliittym\u00e4 tehd\u00e4\u00e4n runkolinjan rakentamisen j\u00e4lkeen. *)<\/strong><\/h4>\n<p>.<\/p>\n<h4><strong>Vaihtoehto 2) Tietyill\u00e4 osoitteilla rakennetuilla alueilla siirtokelpoinen mutta ei-palautuskelpionen liittym\u00e4maksu 3000\u00a0\u20ac (alv\u00a00% ),\u00a03720 \u20ac (alv 24\u00a0%). Osuuskunta veloittaa lis\u00e4maksun mik\u00e4li valokuituliittym\u00e4 tehd\u00e4\u00e4n runkolinjan rakentamisen j\u00e4lkeen.\u00a0<\/strong><\/h4>\n<p>.<\/p>\n<h4><strong>Vaihtoehto 3) Vesi-osuuskunnat ja kyl\u00e4yhteis\u00f6t, jotka osallistuvat kuituverkon rakentamiseen: tarjoamme liitymismaksun tapauskohtaisesti tilaajam\u00e4\u00e4r\u00e4n ja synergiaetujen mukaisesti.<\/strong><br \/>\n<strong><br \/>\n<\/strong><\/h4>\n<p><em><br \/>\nValokuitun liittym\u00e4maksuun sis\u00e4ltyy valokuitukaapelin asennus runkolinjasta\u00a0tontin rajalle (kiinteist\u00f6raja tai kiinteist\u00f6n alueella sijaitsevan kyl\u00e4verkon jakelupiste, enint\u00e4\u00e4n 150 m)\u00a0kaapelivaraus talon liittym\u00e4kohtaan, p\u00e4\u00e4tykotelon asennus. P\u00e4\u00e4telaite ei sis\u00e4lly hintaan. P\u00e4\u00e4telaite riippuu valtuista\u00a0palveluista, arvioitu hinta noin 150 \u20ac.\u00a0Tilaaja maksaa kaapelin asennuksesta, maadoituksesta ja muista mateeriaaleista omalla tontillaan. <\/em><br \/>\n<em>Hinnat ovat voimassa\u00a0enint\u00e4\u00e4n\u00a02000 metrin et\u00e4isyydelle runkolinjan\u00a0l\u00e4hemm\u00e4st\u00e4 liittym\u00e4kohdasta normaaleissa maasto-olosuhteissa. Valokuituliittym\u00e4 on sidottu yhteen k\u00e4ytt\u00f6osoitteeseen ja sit\u00e4 ei voida siirt\u00e4\u00e4 toiseen.<br \/>\nLis\u00e4maksuja voidaan edellytt\u00e4\u00e4\u00a0jos<br \/>\n<\/em><em>a)\u00a0\u00a0 et\u00e4isyys on yli\u00a02000 m<br \/>\n<\/em><em>b)\u00a0\u00a0 kaapeli vedet\u00e4\u00e4n mets\u00e4n, vesist\u00f6n tai\u00a0kallion (vaatii louhinta, kallioashausta ilmakaapelia) l\u00e4pi<br \/>\n<\/em><em>c)\u00a0\u00a0\u00a0lyhimm\u00e4lle reitille\u00a0 ei saada maanomistajan sijoituslupaa<br \/>\n<\/em><em>d)\u00a0\u00a0linjalla ei ole riitt\u00e4v\u00e4sti muita tilaajia, Yksill\u00f6llinen tilaajaykaapelin asennus noin 18 \u20ac\/m\u00a0 (alv 24 %).<\/em><\/p>\n<h2><\/h2>\n<h3><span style=\"text-decoration: underline;\"><strong>Kuukausimaksut (osuuskunnan j\u00e4sen)<\/strong><\/span><\/h3>\n<p>Optowest velottaa perusmaksun ja maksun liittym\u00e4n k\u00e4yt\u00f6st\u00e4\u00a0 (200\/200 Mbit\/s). Maksut veloitetaan kytkent\u00e4p\u00e4iv\u00e4st\u00e4 l\u00e4htien.<\/p>\n<p><strong>Perusmaksu 29,76 \u20ac \/ kk <\/strong>(sis. alv 24 %). Kaikki joilla on p\u00e4\u00e4tekotelo asennettuna\u00a0maksaa perusmaksun<\/p>\n<p><strong>Dataliittym\u00e4n\u00a0k\u00e4ytt\u00f6maksu\u00a0 (Internet) 24,80 \u20ac<\/strong>\u00a0\/kk (sis. alv 24 %)<\/p>\n<p>Vapaaehtoinen <strong>tilap\u00e4ine<\/strong>n<strong> poiskytkent\u00e4<\/strong> (Internet). Poiskytkent\u00e4maksu\u00a0 55,60 \u20ac (sis 24 % alv). Perusmaksu laskutetaaan poiskytkennn\u00e4n aikana. Takaisinkytkent\u00e4 on maksuton.<\/p>\n<h3><\/h3>\n<h3><span style=\"text-decoration: underline;\"><strong>Kuukausimaksut (ei j\u00e4sen)<\/strong><\/span>.<\/h3>\n<p><strong>Perusmaksu 29,76 \u20ac \/ kk<\/strong> (sis. alv. 24 %),<br \/>\n<strong>Internet-k\u00e4ytt\u00f6maksu 24,80 \u20ac<\/strong> \/ kk (sis alv. 24 %) 200\/200 Mbit\/s<\/p>\n<p>Vapaaehtoinen <strong>tilap\u00e4ine<\/strong>n<strong> poiskytkent\u00e4<\/strong> (Internet). Poiskytkent\u00e4maksu\u00a0 55,60 \u20ac (sis 24 % alv.). Perusmaksu laskutetaaan poiskytkennn\u00e4n aikana. Takaisinkytkent\u00e4 on maksuton.<\/p>\n<h2><\/h2>\n<h3><strong>Vuokraliittym\u00e4.<\/strong><\/h3>\n<p>Osuuskunta Optowest tarjoaa my\u00f6s m\u00e4\u00e4r\u00e4aikaisia vuokraliittymi\u00e4 tietyill\u00e4 osoitteilla. Sopimus on m\u00e4\u00e4r\u00e4aikanen 24 kuukautta ja uusitaan\u00a0 mik\u00e4li sit\u00e4 ei irtisanota ennen sopimusajan p\u00e4\u00e4tymist\u00e4. Vuokraliittym\u00e4\u00e4 ei voida siirt\u00e4\u00e4 toiseen k\u00e4ytt\u00f6osoitteeseen tai toiselle henkil\u00f6lle.<br \/>\n.<br \/>\nAloitus\/kytkent\u00e4maksu 620 \u20ac<br \/>\nKuukausimaksu 96,50 \u20ac\/kk, 100\/100 Mbits<br \/>\nP\u00e4\u00e4telaite (modeemi) ei sis\u00e4ll\u00e4 vuokrasopimukseen, P\u00e4\u00e4telaitteen vuokraaminen 12 \u20ac\/kk.<br \/>\nKaapeliTV signaalisiirto 3,10 \u20ac\/m\u00e5n.<br \/>\nHinnat sis\u00e4lt\u00e4v\u00e4t alv 24 %.<br \/>\n.<\/p>\n<p>KaapeliTV-palveluja voidaan tilata Karjaan Puhelimelta. Karjaan Puhelin hinnoittelee tuotteensa erikseen.<\/p>\n<p>Soita numeroon 040 554 6845 ja tiedustele onko vuokraliittym\u00e4 mahdollinen osoitteellasi.<br \/>\n.<\/p>\n<p><em>Tilaaja vastaa kaapelin asennuksesta, maadoituksesta ja muista mateeriaaleista omalla tontillaan.<\/em><\/p>\n<p><strong>\u00a0<\/strong><\/p>\n<h2><strong> Palvelujen hinnasto<\/strong><\/h2>\n<p>Kaapeli-TV voidaan tilata Karjaan Puhelielta kun p\u00e4\u00e4tekotelo on asennettu.\u00a0 (liittym\u00e4n perusmaksu maksetaan).\u00a0Karjaan Puhelin hinnoittelee tuotteensa erikseen.<\/p>\n<p>Kaapeli-TV siirtosignaali Optowestin verkossa on ilmainen osuuskunnan j\u00e4senille. Ei-j\u00e4sennilt\u00e4, jotka eiv\u00e4t maksa perusmaksua, veloitamme Kaapeli.TV siirtosignaalista 3,10 \u20ac\/kk (sis. 24 % alv), Kaapeli-TV edellytt\u00e4\u00e4 valokuituliittym\u00e4\u00e4.<\/p>\n<h2><\/h2>\n<h1>Muut maksut<\/h1>\n<h1><\/h1>\n<p>*) Osuuskunta veloittaa p\u00e4\u00e4ttymismaksun jos osuudet tai valokuituliittym\u00e4 irtisanotaan ja maksut palautetaan. Valokuituliittym\u00e4n irtisanomismaksu, sis\u00e4lt\u00e4\u00e4 mm. purkukustannukset, 2315 \u20ac + alv 24 % = 2870,60 \u20ac.\u00a0 Enint\u00e4\u00e4n palautettava m\u00e4\u00e4r\u00e4. Ei koske tilaaja, jolla on alv-verollinen valokuituliittym\u00e4.<br \/>\n.<\/p>\n<p>Suljetun liitym\u00e4n avaaminen. J\u00e4senille, jotka maksavat perusmaksun. 99,20 \u20ac (sis. 24 % alv);<br \/>\n.<\/p>\n<p>Uuden tai suljetun liittym\u00e4n avaamismaksu,ei-j\u00e4senille 390 \u20ac (sis. alv. 24 %).<br \/>\n.<\/p>\n<p>Laskutuslis\u00e4 7 \u20ac\/lasku\u00a0 (sis 24 %alv) , Lasku e-laskuna maksuton.<br \/>\n.<br \/>\n.<\/p>\n<h1>Sopimusehdot ja osuuskunnan s\u00e4\u00e4nn\u00f6t<\/h1>\n<p><a href=\"https:\/\/www.optowest.fi\/?attachment_id=2001\" rel=\"attachment wp-att-2001\">OPTOWESTIN YLEISET SOPIMUSEHDOT KULUTTAJILLE_2021-06-15<\/a><\/p>\n<p><a href=\"https:\/\/www.optowest.fi\/?attachment_id=2002\" rel=\"attachment wp-att-2002\">OPTOWESTIN VALOKUITULIITTYM\u00c4N ERITYISEHDOT 2021-06-15 (toistaiseksi vaan ruotsiksi)<\/a><\/p>\n<p><a href=\"https:\/\/www.optowest.fi\/?attachment_id=2003\" rel=\"attachment wp-att-2003\">OPTOWESTIN PALVELUIDEN ERITYISEHDOT (toistaiseksi vaan ruotsiksi)<\/a><\/p>\n<p><span style=\"text-decoration: underline;\"><span style=\"color: #000120;\"><br \/>\n<a href=\"https:\/\/www.optowest.fi\/?attachment_id=2303\" rel=\"attachment wp-att-2303\">OSUUSKUNTA OPTOWESTIN S\u00c4\u00c4NN\u00d6T<\/a><\/span><\/span>(toistaiseksi vaan ruotsiksi)<\/p>\n<h1>Muuta<\/h1>\n<p><a href=\"https:\/\/www.optowest.fi\/?attachment_id=1955\" rel=\"attachment wp-att-1955\">Prislista f\u00f6r grossistprodukter_2020_09_01<\/a><\/p>\n<p><a href=\"https:\/\/www.optowest.fi\/wp-content\/uploads\/2013\/03\/Kaapelin\u00e4ytt\u00f6_hinnasto_Osuuskunta-Optowest_2017_05_01.pdf\">Kaapelin\u00e4ytt\u00f6_hinnasto_Osuuskunta Optowest_2017_05_01<\/a><\/p>\n","protected":false},"excerpt":{"rendered":"<p>Osuuskunta\u00a0Optowestin hinnasto &#8211; Osuuskunta\u00a0Optowestin osakkuus Liittyminen j\u00e4seneksi osuuskuntaan, osuuden merkint\u00e4hinta 200 \u20ac, joka on sama kuin osuuden nimellisarvo. J\u00e4sen on otettava v\u00e4hint\u00e4\u00e4n yksi (1) osuus sek\u00e4 yksi (1) osuus jokaista valokuituliittym\u00e4\u00e4 kohden. Osuuden nimellisarvo (osuusmaksu) on 200 \u20ac . Valokuituliittym\u00e4 . Vaihtoehto 1) Osuus valokuituliittym\u00e4lle, merkint\u00e4hinta 3150 \u20ac, josta 200 \u20ac on osuuden nimellisarvo. Vaatii [&hellip;]<\/p>\n","protected":false},"author":1,"featured_media":0,"parent":0,"menu_order":0,"comment_status":"open","ping_status":"open","template":"","meta":{"footnotes":""},"class_list":["post-185","page","type-page","status-publish","hentry"],"_links":{"self":[{"href":"https:\/\/www.optowest.fi\/index.php?rest_route=\/wp\/v2\/pages\/185","targetHints":{"allow":["GET"]}}],"collection":[{"href":"https:\/\/www.optowest.fi\/index.php?rest_route=\/wp\/v2\/pages"}],"about":[{"href":"https:\/\/www.optowest.fi\/index.php?rest_route=\/wp\/v2\/types\/page"}],"author":[{"embeddable":true,"href":"https:\/\/www.optowest.fi\/index.php?rest_route=\/wp\/v2\/users\/1"}],"replies":[{"embeddable":true,"href":"https:\/\/www.optowest.fi\/index.php?rest_route=%2Fwp%2Fv2%2Fcomments&post=185"}],"version-history":[{"count":109,"href":"https:\/\/www.optowest.fi\/index.php?rest_route=\/wp\/v2\/pages\/185\/revisions"}],"predecessor-version":[{"id":2306,"href":"https:\/\/www.optowest.fi\/index.php?rest_route=\/wp\/v2\/pages\/185\/revisions\/2306"}],"wp:attachment":[{"href":"https:\/\/www.optowest.fi\/index.php?rest_route=%2Fwp%2Fv2%2Fmedia&parent=185"}],"curies":[{"name":"wp","href":"https:\/\/api.w.org\/{rel}","templated":true}]}}