{"id":50,"date":"2012-08-02T23:45:09","date_gmt":"2012-08-02T23:45:09","guid":{"rendered":"http:\/\/www.optowest.fi\/?page_id=50"},"modified":"2021-05-20T15:37:14","modified_gmt":"2021-05-20T15:37:14","slug":"byanat","status":"publish","type":"page","link":"https:\/\/www.optowest.fi\/?page_id=50","title":{"rendered":"BYAN\u00c4T"},"content":{"rendered":"<h2>ANM\u00c4L DITT INTRESSE F\u00d6R FIBERANSLUTNING<\/h2>\n<p>Kontrollera om din boningsort h\u00f6r till Optowests fibern\u00e4tomr\u00e5de och anm\u00e4l dit intresse genom att trycka p\u00e5 <a href=\"https:\/\/www.optowest.fi\/?p=1240\">denna\u00a0l\u00e4nk<\/a><\/p>\n<h3><\/h3>\n<h3>Se kartor p\u00e5 Nya planerade\u00a0omr\u00e5den<\/h3>\n<p><a href=\"https:\/\/www.optowest.fi\/?page_id=54\">Andelslaget\/Kartor<\/a><\/p>\n<h3><\/h3>\n<p><strong>Bromarv kyrkby<\/strong><\/p>\n<p>Nedl\u00e4ggning av fiberkablar inleddes sommaren 2011 och har\u00a0forts\u00e4tt under \u00e5r 2012.\u00a0I Bromarv kyrkby finns en central placerad i brandstationen. \u00a0N\u00e5gra sm\u00e5 omr\u00e5den med abonnentf\u00f6rbindelser skall byggas \u00e4nnu under 2013.<\/p>\n<p><strong>Svedja &#8211; P\u00f6lck\u00e5 <\/strong><\/p>\n<p>Stamlinjen med de flesta abonnentf\u00f6rbindelserna i Svedja och P\u00f6lck\u00e5 byggdes ut under 2012. Under 2013 kommer en\u00a0linje att byggas mellan Svedja och Tenala centrum via Germundby. Huvudcentralen f\u00f6r Optowests fibern\u00e4tverk finns i P\u00f6lck\u00e5<\/p>\n<p><strong>Krokby-Skallb\u00f6lev\u00e4gen<\/strong><\/p>\n<p>Stamlinjen med abonnentf\u00f6rbindelser byggdes ut l\u00e4ngs med Krokbyv\u00e4gen och \u00f6ver Germundbyviken mot Skllb\u00f6le under h\u00f6sten 2012. Krokbyv\u00e4gen bj\u00f6d p\u00e5\u00a0utmaningar d\u00e5 ca. 400 m m\u00e5ste spr\u00e4ngas f\u00f6rr\u00e4n kabeln kunde s\u00e4ttas ner. I krokby finn en central som kommer att tj\u00e4na abonnenterna i n\u00e4romr\u00e5det Krokby och Skallble men ocks\u00a0till en b\u00f6rjan i Finnbygr\u00e4nd, Pr\u00e4stkulla,\u00a0Romby och Hangist.<\/p>\n<p><a href=\"https:\/\/www.optowest.fi\/wp-content\/uploads\/2012\/08\/2012-11-23-139.jpg\"><img loading=\"lazy\" decoding=\"async\" class=\"aligncenter size-medium wp-image-298\" title=\"2012-11-23-139\" src=\"https:\/\/www.optowest.fi\/wp-content\/uploads\/2012\/08\/2012-11-23-139-225x300.jpg\" alt=\"\" width=\"225\" height=\"300\" srcset=\"https:\/\/www.optowest.fi\/wp-content\/uploads\/2012\/08\/2012-11-23-139-225x300.jpg 225w, https:\/\/www.optowest.fi\/wp-content\/uploads\/2012\/08\/2012-11-23-139-768x1024.jpg 768w\" sizes=\"auto, (max-width: 225px) 100vw, 225px\" \/><\/a><\/p>\n<p><strong>Finby Gr\u00e4nd<br \/>\n<\/strong>Stamlinjen g\u00e5r\u00a0genom Finnby Gr\u00e4nd och endast n\u00e5gra f\u00e5 abonnentf\u00f6rbindelser \u00e4r dragna<strong>. <\/strong>I Malm\u00e5sa kommer det i ett senare skede att finnas en central med aktiv utrustning. I detta skede g\u00f6re endast en korrkoppling med matning fr\u00e5n Krokbt centralen.<\/p>\n<p><strong>Gundby-Jordansby-M\u00e4sarby<\/strong><br \/>\nDragningen av kablarna i dessa byar gick utan st\u00f6rre \u00f6verraskningar.<\/p>\n<p><strong>Pargas &#8211; Nitlax<\/strong><\/p>\n<p>Dragningen av stamkablar och abonnentkablar gjordes under h\u00f6sten\u00a02012. Enligt de prelimin\u00e4ra planerna skulle stamlinjen dras \u00f6ver Lind\u00f6viken lite l\u00e4ngre v\u00e4sterut. Dragningen flyttades \u00f6sterut och g\u00e5r \u00f6ver vid \u00e4ndan av Laxtorpsv\u00e4gen. Det\u00a0visade sig att kabeldragnngskostnaderna denna v\u00e4g \u00e4r l\u00e4gre \u00e4n om den hade dragits d\u00e4r den var planerad. Terr\u00e4ngen\u00a0p\u00e5 norra sidan av viken\u00a0och v\u00e4sterut \u00e4r stenig.<\/p>\n<p>I\u00a0Pargas installerar en central f\u00f6r att tj\u00e4na omr\u00e5dets abonnenter.<\/p>\n<p><strong>Bromarvv\u00e4gen<\/strong><\/p>\n<p>Linjen l\u00e4ngs med Bromarvv\u00e4gen var den\u00a0f\u00f6rsta str\u00e4ckan ytterom Bromarv kyrkby som gjordes. Arbetet\u00a0p\u00e5b\u00f6rjades i augusti 2012 och tog n\u00e5gra veckor. V\u00e4gstr\u00e4ckan var varierande. Ibland gick det undan med fart och ibland var det lite motg\u00e5ngar med stenar. Kabel \u00e4r dragen fr\u00e5n Kalby till Bromarv kyrkby.<\/p>\n","protected":false},"excerpt":{"rendered":"<p>ANM\u00c4L DITT INTRESSE F\u00d6R FIBERANSLUTNING Kontrollera om din boningsort h\u00f6r till Optowests fibern\u00e4tomr\u00e5de och anm\u00e4l dit intresse genom att trycka p\u00e5 denna\u00a0l\u00e4nk Se kartor p\u00e5 Nya planerade\u00a0omr\u00e5den Andelslaget\/Kartor Bromarv kyrkby Nedl\u00e4ggning av fiberkablar inleddes sommaren 2011 och har\u00a0forts\u00e4tt under \u00e5r 2012.\u00a0I Bromarv kyrkby finns en central placerad i brandstationen. \u00a0N\u00e5gra sm\u00e5 omr\u00e5den med abonnentf\u00f6rbindelser skall [&hellip;]<\/p>\n","protected":false},"author":1,"featured_media":0,"parent":0,"menu_order":0,"comment_status":"open","ping_status":"open","template":"","meta":{"footnotes":""},"class_list":["post-50","page","type-page","status-publish","hentry"],"_links":{"self":[{"href":"https:\/\/www.optowest.fi\/index.php?rest_route=\/wp\/v2\/pages\/50","targetHints":{"allow":["GET"]}}],"collection":[{"href":"https:\/\/www.optowest.fi\/index.php?rest_route=\/wp\/v2\/pages"}],"about":[{"href":"https:\/\/www.optowest.fi\/index.php?rest_route=\/wp\/v2\/types\/page"}],"author":[{"embeddable":true,"href":"https:\/\/www.optowest.fi\/index.php?rest_route=\/wp\/v2\/users\/1"}],"replies":[{"embeddable":true,"href":"https:\/\/www.optowest.fi\/index.php?rest_route=%2Fwp%2Fv2%2Fcomments&post=50"}],"version-history":[{"count":35,"href":"https:\/\/www.optowest.fi\/index.php?rest_route=\/wp\/v2\/pages\/50\/revisions"}],"predecessor-version":[{"id":2114,"href":"https:\/\/www.optowest.fi\/index.php?rest_route=\/wp\/v2\/pages\/50\/revisions\/2114"}],"wp:attachment":[{"href":"https:\/\/www.optowest.fi\/index.php?rest_route=%2Fwp%2Fv2%2Fmedia&parent=50"}],"curies":[{"name":"wp","href":"https:\/\/api.w.org\/{rel}","templated":true}]}}