{"id":54,"date":"2012-08-02T23:52:06","date_gmt":"2012-08-02T23:52:06","guid":{"rendered":"http:\/\/www.optowest.fi\/?page_id=54"},"modified":"2021-07-09T07:55:49","modified_gmt":"2021-07-09T07:55:49","slug":"kartor","status":"publish","type":"page","link":"https:\/\/www.optowest.fi\/?page_id=54","title":{"rendered":"Kartor"},"content":{"rendered":"<h2>FIBERN\u00c4TSOMR\u00c5DEN<\/h2>\n<p><a href=\"https:\/\/www.optowest.fi\/?attachment_id=1983\" rel=\"attachment wp-att-1983\">Hela n\u00e4tet<\/a> Gr\u00f6na linjer \u00e4r klara, r\u00f6da \u00e4r planerade<\/p>\n<p><a href=\"https:\/\/www.optowest.fi\/?attachment_id=2061\" rel=\"attachment wp-att-2061\">Byggda n\u00e4tstr\u00e4ckor<\/a><\/p>\n<h3><\/h3>\n<h2>INTRESSEKARTOR<\/h2>\n<p>Fr\u00e5n intressekartorna kan man f\u00e5 en uppfattning om hur n\u00e4ra ett byggbeslut \u00e4r. Byggbeslut g\u00f6rs f\u00f6rst f\u00e5 100 % av den egna finansieringen \u00e4r klar. Ett\u00a0 byggbeslut kr\u00e4ver ett offentligt st\u00f6d p\u00e5 70 % samt att det har gjorts tillr\u00e4ckligt m\u00e5nga fiberanslutningsavtal. Uppskattningen som visas p\u00e5 kartorna baserar sig p\u00e5 intresseanm\u00e4lningar och kan \u00e4ndras om inte tillr\u00e4ckligt m\u00e5nga blir medlemmar och best\u00e4ller fiberanslutning.<\/p>\n<h3><\/h3>\n<p><a href=\"https:\/\/www.optowest.fi\/?attachment_id=2136\" rel=\"attachment wp-att-2136\">Orvlax-V\u00e4ttlax_Padva<\/a><\/p>\n<p><a href=\"https:\/\/www.optowest.fi\/?attachment_id=2138\" rel=\"attachment wp-att-2138\">V\u00e4ttlax-Bredvik-Grundsund<\/a><\/p>\n<p><a href=\"https:\/\/www.optowest.fi\/?attachment_id=2140\" rel=\"attachment wp-att-2140\">Korsuddarna-Moderviken-Trollshovda-Malarby-Sillb\u00f6le-Kvigos<\/a><\/p>\n<p><a href=\"https:\/\/www.optowest.fi\/?attachment_id=2142\" rel=\"attachment wp-att-2142\">Dal_Vimonb\u00f6le_\u00d6by<\/a><\/p>\n<h3><\/h3>\n<h2>AKTUELLA OMR\u00c5DE F\u00d6R UTBYGGNAD<\/h2>\n<h3><a href=\"http:\/\/verkkotietopiste.fi\">Se Verkkitietopiste.fi<\/a><\/h3>\n<p>Andelslaget Optowest har planer p\u00e5 att utvidga sitt fibern\u00e4tverk. De aktuella omr\u00e5den \u00e4r v\u00e4sterut fr\u00e5n Bromarv kyrkby mot <strong>Orvlax, Kalvdal, V\u00e4ttlax och Padva<\/strong> samt n\u00e5gra mindre omr\u00e5den vid <strong>Rilax, Moderviken, Dal och Korsuddarna<\/strong>. \u00a0Utbyggnaden och omr\u00e5den \u00e4r helt beroende av intresse f\u00f6r fiberanslutningar och om andelslaget kan f\u00e5 offentligt st\u00f6d fr\u00e5n fr\u00e5n EU:s \u00c5terh\u00e4mtningsfond. En del av de planerade str\u00e4ckorna kan g\u00f6ras som sambyggnad med Caruna, som l\u00e4gger ner elkablar p\u00e5 n\u00e5gra omr\u00e5den under \u00e5r 2022. Det g\u00e4ller i s\u00e5 fall str\u00e4ckor d\u00e4r det \u00e4r ekonomiskt l\u00f6nsamt med sambyggnad, m.a.o. d\u00e4r nedl\u00e4ggningen av kabel inte kan g\u00f6ras genom pl\u00f6jning. Inga byggbeslut \u00e4r \u00e4nnu fattade. Anh\u00e5llan om offentligt st\u00f6d och byggbeslut g\u00f6rs d\u00e5 tillr\u00e4ckligt m\u00e5nga har tecknat avtal om att ta en fiberanslutning om offentligt st\u00f6d erh\u00e5lls f\u00f6r byggandet.<\/p>\n<p>Andelslaget samlar <strong>nu<\/strong> in f\u00f6ravtal f\u00f6r att kunna utv\u00e4rdera den egna finansieringen f\u00f6re ans\u00f6ka om offentligt st\u00f6d kan g\u00f6ras. Medlemskap kr\u00e4vs f\u00f6r att kunna f\u00e5 en fiberanslutningsandel i andelslaget.<\/p>\n<p><a href=\"https:\/\/www.vismasignforms.com\/sv\/form\/e6c1c225-b49b-470d-9018-23cff24ab9ff\">Ans\u00f6k h\u00e4r om medlemskap och best\u00e4ll fiberanslutning.\u00a0<\/a><\/p>\n<p>Det \u00e4r \u00e4nda s\u00e4ttet du kan f\u00f6rs\u00e4kra dig om att f\u00e5 en fiberanslutning.<\/p>\n<h4>.<\/h4>\n<h3>RILAX-V\u00c4TTLAX-ORVLAX-PADVA<\/h3>\n<p><a href=\"https:\/\/www.optowest.fi\/?attachment_id=2021\" rel=\"attachment wp-att-2021\">Orvlax-Kalvdal<\/a><br \/>\n<a href=\"https:\/\/www.optowest.fi\/?attachment_id=2024\" rel=\"attachment wp-att-2024\">V\u00e4ttlax<\/a><br \/>\n<a href=\"https:\/\/www.optowest.fi\/?attachment_id=2026\" rel=\"attachment wp-att-2026\">Bredvik<\/a><br \/>\n<a href=\"https:\/\/www.optowest.fi\/?attachment_id=2030\" rel=\"attachment wp-att-2030\">Amiralstorp-Rilax<\/a><br \/>\n<a href=\"https:\/\/www.optowest.fi\/?attachment_id=2028\" rel=\"attachment wp-att-2028\">S\u00f6derstrand-Grundsund<\/a><br \/>\n<a href=\"https:\/\/www.optowest.fi\/?attachment_id=2032\" rel=\"attachment wp-att-2032\">Notstrand-V\u00e4stervik<\/a><br \/>\n<a href=\"https:\/\/www.optowest.fi\/?attachment_id=2034\" rel=\"attachment wp-att-2034\">Padva<\/a><br \/>\n<a href=\"https:\/\/www.optowest.fi\/?attachment_id=2036\" rel=\"attachment wp-att-2036\">Skata<\/a><\/p>\n<h4><\/h4>\n<h3>VIMONB\u00d6LE-\u00d6BY<\/h3>\n<p><a href=\"https:\/\/www.optowest.fi\/?attachment_id=2040\" rel=\"attachment wp-att-2040\">Vimonb\u00f6le<\/a><br \/>\n<a href=\"https:\/\/www.optowest.fi\/?attachment_id=2042\" rel=\"attachment wp-att-2042\">\u00d6by<\/a><\/p>\n<h3>L\u00c5NGSTRAND-HUMMELDAL-HEMDAL<\/h3>\n<p><a href=\"https:\/\/www.optowest.fi\/?attachment_id=2038\" rel=\"attachment wp-att-2038\">L\u00e5ngstrand-Hummeldal<\/a><\/p>\n<h3>K\u00c5RB\u00d6LE-KORSUDDARNA-K\u00c4GRA<\/h3>\n<p><a href=\"https:\/\/www.optowest.fi\/?attachment_id=2044\" rel=\"attachment wp-att-2044\">K\u00e5rb\u00f6le-Korsuddarna<\/a><br \/>\n<a href=\"https:\/\/www.optowest.fi\/?attachment_id=2046\" rel=\"attachment wp-att-2046\">K\u00e4gra-Knopk\u00e4gra-Vitsand<\/a><\/p>\n<h3>H\u00d6LKL\u00d6T-SILLB\u00d6LE-MALARBY-TROLLSHOVDA-KVIGOS<\/h3>\n<p><a href=\"https:\/\/www.optowest.fi\/?attachment_id=2048\" rel=\"attachment wp-att-2048\">Sillb\u00f6le-H\u00f6lkl\u00f6t-Puontpy\u00f6li<\/a><br \/>\n<a href=\"https:\/\/www.optowest.fi\/?attachment_id=2050\" rel=\"attachment wp-att-2050\">Malarby-Trollshovda-Degerg\u00e5rd<\/a><br \/>\n<a href=\"https:\/\/www.optowest.fi\/?attachment_id=2052\" rel=\"attachment wp-att-2052\">Kvigos<\/a><\/p>\n<h3>V\u00c4STRA TENALA<\/h3>\n<p><a href=\"https:\/\/www.optowest.fi\/?attachment_id=2056\" rel=\"attachment wp-att-2056\">Stockudden-Vikstrand-Talludden<\/a><\/p>\n<h3>BERGBY<\/h3>\n<p><a href=\"https:\/\/www.optowest.fi\/?attachment_id=2058\" rel=\"attachment wp-att-2058\">Bergby-Seuko<\/a><\/p>\n<h3><\/h3>\n<h3><\/h3>\n<h2>TIDIGARE UTBYGGDA OMR\u00c5DEN 2011-2019<\/h2>\n<p>Utbyggnaden av fibern\u00e4tet p\u00e5b\u00f6rjades\u00a0i Bromarv kyrkby sommaren 2011. Stamkabeln drogs fr\u00e5n Tenala kyrkby till Bromarv kyrkby under 2012 och mellanliggande byan\u00e4t byggdes ut samtidigt.<\/p>\n<p>F\u00f6ljande utbyggnad skedde 2013\u00a0 i Pr\u00e4stkulla, Romby, Ingvalsby, Karsby, Bondb\u00f6le, Skinnarby, Hangist och Pargas\u00f6n<\/p>\n<p>L\u00e5ngstrand samt n\u00e4tet till Amiralstorp och Solb\u00f6le byggdes 2017-18<\/p>\n<p>Nytorp byggdes 2019<\/p>\n<p><a href=\"https:\/\/www.optowest.fi\/?attachment_id=2087\" rel=\"attachment wp-att-2087\">Svedja-P\u00f6lck\u00e5<\/a><br \/>\n<a href=\"https:\/\/www.optowest.fi\/?attachment_id=2089\" rel=\"attachment wp-att-2089\">Krokby-Skallb\u00f6lev\u00e4gen<\/a><br \/>\n<a href=\"https:\/\/www.optowest.fi\/?attachment_id=2091\" rel=\"attachment wp-att-2091\">Finby gr\u00e4nd-Hangist<\/a><br \/>\n<a href=\"https:\/\/www.optowest.fi\/?attachment_id=2093\" rel=\"attachment wp-att-2093\">Pr\u00e4stkulla<\/a><br \/>\n<a href=\"https:\/\/www.optowest.fi\/?attachment_id=2095\" rel=\"attachment wp-att-2095\">Ingvalsby-Karsby<\/a><br \/>\n<a href=\"https:\/\/www.optowest.fi\/?attachment_id=2097\" rel=\"attachment wp-att-2097\">Ingvalsby-Bondb\u00f6le<\/a><br \/>\n<a href=\"https:\/\/www.optowest.fi\/?attachment_id=2099\" rel=\"attachment wp-att-2099\">Gundby-Jordansby-M\u00e4lsarby<\/a><br \/>\n<a href=\"https:\/\/www.optowest.fi\/?attachment_id=2101\" rel=\"attachment wp-att-2101\">Pargas-Nitlax<\/a><br \/>\n<a href=\"https:\/\/www.optowest.fi\/?attachment_id=2103\" rel=\"attachment wp-att-2103\">Bromarvv\u00e4gen-Kalby-Tapels<\/a><br \/>\n<a href=\"https:\/\/www.optowest.fi\/?attachment_id=2105\" rel=\"attachment wp-att-2105\">Bromarvv\u00e4gen-Moderviken-H\u00e4lls\u00e4ngen<\/a><br \/>\n<a href=\"https:\/\/www.optowest.fi\/?attachment_id=2065\" rel=\"attachment wp-att-2065\">Bromarv_kyrkby<\/a><br \/>\n<a href=\"https:\/\/www.optowest.fi\/?attachment_id=2107\" rel=\"attachment wp-att-2107\">L\u00e5ngstrand<\/a><br \/>\n<a href=\"https:\/\/www.optowest.fi\/?attachment_id=2110\" rel=\"attachment wp-att-2110\">Solb\u00f6lev\u00e4gen<\/a><br \/>\n<a href=\"https:\/\/www.optowest.fi\/?attachment_id=2054\" rel=\"attachment wp-att-2054\">Nytorp<\/a><\/p>\n","protected":false},"excerpt":{"rendered":"<p>FIBERN\u00c4TSOMR\u00c5DEN Hela n\u00e4tet Gr\u00f6na linjer \u00e4r klara, r\u00f6da \u00e4r planerade Byggda n\u00e4tstr\u00e4ckor INTRESSEKARTOR Fr\u00e5n intressekartorna kan man f\u00e5 en uppfattning om hur n\u00e4ra ett byggbeslut \u00e4r. Byggbeslut g\u00f6rs f\u00f6rst f\u00e5 100 % av den egna finansieringen \u00e4r klar. Ett\u00a0 byggbeslut kr\u00e4ver ett offentligt st\u00f6d p\u00e5 70 % samt att det har gjorts tillr\u00e4ckligt m\u00e5nga fiberanslutningsavtal. [&hellip;]<\/p>\n","protected":false},"author":1,"featured_media":0,"parent":0,"menu_order":0,"comment_status":"open","ping_status":"open","template":"","meta":{"footnotes":""},"class_list":["post-54","page","type-page","status-publish","hentry"],"_links":{"self":[{"href":"https:\/\/www.optowest.fi\/index.php?rest_route=\/wp\/v2\/pages\/54","targetHints":{"allow":["GET"]}}],"collection":[{"href":"https:\/\/www.optowest.fi\/index.php?rest_route=\/wp\/v2\/pages"}],"about":[{"href":"https:\/\/www.optowest.fi\/index.php?rest_route=\/wp\/v2\/types\/page"}],"author":[{"embeddable":true,"href":"https:\/\/www.optowest.fi\/index.php?rest_route=\/wp\/v2\/users\/1"}],"replies":[{"embeddable":true,"href":"https:\/\/www.optowest.fi\/index.php?rest_route=%2Fwp%2Fv2%2Fcomments&post=54"}],"version-history":[{"count":133,"href":"https:\/\/www.optowest.fi\/index.php?rest_route=\/wp\/v2\/pages\/54\/revisions"}],"predecessor-version":[{"id":2224,"href":"https:\/\/www.optowest.fi\/index.php?rest_route=\/wp\/v2\/pages\/54\/revisions\/2224"}],"wp:attachment":[{"href":"https:\/\/www.optowest.fi\/index.php?rest_route=%2Fwp%2Fv2%2Fmedia&parent=54"}],"curies":[{"name":"wp","href":"https:\/\/api.w.org\/{rel}","templated":true}]}}