{"id":63,"date":"2012-08-03T00:04:19","date_gmt":"2012-08-03T00:04:19","guid":{"rendered":"http:\/\/www.optowest.fi\/?page_id=63"},"modified":"2021-07-06T10:00:53","modified_gmt":"2021-07-06T10:00:53","slug":"anslut-dig-nu-det-ar-formanligast","status":"publish","type":"page","link":"https:\/\/www.optowest.fi\/?page_id=63","title":{"rendered":"BEST\u00c4LL FIBERANSLUTNING ELLER MEDDELA INTRESSE!"},"content":{"rendered":"<h4><\/h4>\n<h3><span style=\"color: #000000;\">KOM MED I ANDELSLAGET F\u00d6R ATT P\u00c5VERKA BESLUT VAR OPTOWEST UTVIDGAR SITT FIBERN\u00c4TVERK.<\/span><\/h3>\n<h4><a href=\"https:\/\/www.vismasignforms.com\/sv\/form\/c38fd60a-fd89-45f4-aae5-45616d413ca8\">G\u00d6R EN MEDLEMSANS\u00d6KAN H\u00c4R!<\/a><\/h4>\n<h3><\/h3>\n<h5><span style=\"color: #000000;\">Best\u00e4ll fiberanslutning eller meddela ditt intresse genom att skicka ett epostmeddelande till <\/span><\/h5>\n<h5><span style=\"color: #000000;\">info.optowest.fi <\/span><\/h5>\n<h5><span style=\"color: #000000;\">eller ring\u00a0 045 874\u00a09445<\/span><\/h5>\n<p>Ber\u00e4tta vem du \u00e4r, var du bor eller har ditt fritidshus, ditt telefonnummer och din e-postadress.<\/p>\n<h2><\/h2>\n<h2><\/h2>\n<h3><span style=\"color: #ff0000;\">Offentligt st\u00f6d f\u00f6r utbyggnad till Orvlax, Kalvdal, V\u00e4ttlax, Padva, Rilax, Korsuddarna, Moderviken och Dal<\/span><\/h3>\n<p>Andelslaget Optowest har planer p\u00e5 att utvidga sitt fibern\u00e4tverk med offentlig finansiering (EU: \u00c5terh\u00e4mtningsfond). De aktuella omr\u00e5den \u00e4r v\u00e4sterut fr\u00e5n Bromarv kyrkby mot Orvlax, Kalvdal, V\u00e4ttlax, Padva och Rilax\u00a0 samt n\u00e5gra mindre omr\u00e5den vid Moderviken, Dal och Korsuddarna. <strong>Utbyggnaden och omr\u00e5den \u00e4r helt beroende av om inv\u00e5narna p\u00e5 dessa omr\u00e5den blir medlemmar i andelslaget och tecknar f\u00f6ravtal att ta en andel f\u00f6r fiberanslutningen om offentligt st\u00f6d erh\u00e5lls.<\/strong><\/p>\n<p>Utbyggnaden f\u00f6rverkligas enbart om offentligt st\u00f6d erh\u00e5lls.<\/p>\n<p>Den egna finansieringen p\u00e5 30 % b\u00f6r vara garanterad f\u00f6re Andelslaget Optowest l\u00e4mnar in st\u00f6dans\u00f6kan. Projektets egen finansiering utg\u00f6rs av andelar i andelslaget som inv\u00e5narna p\u00e5 det planerade utbyggnadsomr\u00e5det tecknar.<\/p>\n<h3><\/h3>\n<p><strong><span style=\"color: #ff0000;\">Om du vill ha en fiberf\u00f6rbindelse s\u00e5 be grannarna och andra p\u00e5 omr\u00e5det att komma med f\u00f6r att garantera att st\u00f6det f\u00e5s till er by!<\/span><\/strong><\/p>\n<h3><\/h3>\n<p><a href=\"https:\/\/www.vismasignforms.com\/sv\/form\/e6c1c225-b49b-470d-9018-23cff24ab9ff\">G\u00d6R EN MEDLEMSANS\u00d6KAN OCH TECKNA F\u00d6RAVTAL SENAST 31.8.2021<\/a><\/p>\n<h3><\/h3>\n<p>En del av de planerade str\u00e4ckorna kan g\u00f6ras som sambyggnad med Caruna, som l\u00e4gger ner elkablar p\u00e5 n\u00e5gra omr\u00e5den under \u00e5r 2022. Det g\u00e4ller i s\u00e5 fall str\u00e4ckor d\u00e4r det \u00e4r ekonomiskt l\u00f6nsamt med sambyggnad, m.a.o. d\u00e4r nedl\u00e4ggningen av kabel inte kan g\u00f6ras genom pl\u00f6jning. Inga byggbeslut \u00e4r \u00e4nnu fattade.<\/p>\n<h3><\/h3>\n<p><a href=\"https:\/\/www.optowest.fi\/?page_id=54\">Se byggplaner och intressekartor<\/a><\/p>\n<p>Intressekartor \u00e4r publiceras p\u00e5 andelslagets hemsidor. Kartorna ger en bild av l\u00e4get hur n\u00e4ra ett omr\u00e5des byggbeslut \u00e4r, om offentlig finansiering f\u00e5s f\u00f6r projektet. Ett byggbeslut f\u00f6ruts\u00e4tter dock ett tillr\u00e4ckligt stort antal f\u00f6rhandsavtal. \u00a0Att bygga ut ett omr\u00e5de tar ca 2 \u00e5r fr\u00e5n byggbeslut.<\/p>\n<h3><\/h3>\n<p>Er aktivitet genom att ber\u00e4tta till grannarna om utbyggnaden kan p\u00e5verka ett byggbeslut positivt ifall \u00e4ven de vill ha en fiberanslutning<\/p>\n<h3><\/h3>\n<h1><\/h1>\n<h3>Vi erbjuder dig en\u00a0f\u00f6rdelaktig anslutning om du best\u00e4ller fiberanslutning\u00a0i planeringsskedet.<\/h3>\n<h3><\/h3>\n<p><strong>Kontakta Optowest redan idag <a href=\"mailto:info@optowest.fi\">info@optowest.fi<\/a><br \/>\n<\/strong><\/p>\n<p>Anslutningen inkluderar kabeldragning fram till tomtgr\u00e4nsen, kabeln till kopplingsst\u00e4llet\u00a0och inkoppling till n\u00e4tet(kopplingsdosa).<\/p>\n<p>Kostnaderna f\u00f6r allt arbete utf\u00f6rt p\u00e5 den\u00a0din egen tomt \u00e4r ocks\u00e5 avdragsgilla som hush\u00e5llsavdrag.<\/p>\n","protected":false},"excerpt":{"rendered":"<p>KOM MED I ANDELSLAGET F\u00d6R ATT P\u00c5VERKA BESLUT VAR OPTOWEST UTVIDGAR SITT FIBERN\u00c4TVERK. G\u00d6R EN MEDLEMSANS\u00d6KAN H\u00c4R! Best\u00e4ll fiberanslutning eller meddela ditt intresse genom att skicka ett epostmeddelande till info.optowest.fi eller ring\u00a0 045 874\u00a09445 Ber\u00e4tta vem du \u00e4r, var du bor eller har ditt fritidshus, ditt telefonnummer och din e-postadress. Offentligt st\u00f6d f\u00f6r utbyggnad till [&hellip;]<\/p>\n","protected":false},"author":1,"featured_media":0,"parent":0,"menu_order":0,"comment_status":"open","ping_status":"open","template":"","meta":{"footnotes":""},"class_list":["post-63","page","type-page","status-publish","hentry"],"_links":{"self":[{"href":"https:\/\/www.optowest.fi\/index.php?rest_route=\/wp\/v2\/pages\/63","targetHints":{"allow":["GET"]}}],"collection":[{"href":"https:\/\/www.optowest.fi\/index.php?rest_route=\/wp\/v2\/pages"}],"about":[{"href":"https:\/\/www.optowest.fi\/index.php?rest_route=\/wp\/v2\/types\/page"}],"author":[{"embeddable":true,"href":"https:\/\/www.optowest.fi\/index.php?rest_route=\/wp\/v2\/users\/1"}],"replies":[{"embeddable":true,"href":"https:\/\/www.optowest.fi\/index.php?rest_route=%2Fwp%2Fv2%2Fcomments&post=63"}],"version-history":[{"count":54,"href":"https:\/\/www.optowest.fi\/index.php?rest_route=\/wp\/v2\/pages\/63\/revisions"}],"predecessor-version":[{"id":2201,"href":"https:\/\/www.optowest.fi\/index.php?rest_route=\/wp\/v2\/pages\/63\/revisions\/2201"}],"wp:attachment":[{"href":"https:\/\/www.optowest.fi\/index.php?rest_route=%2Fwp%2Fv2%2Fmedia&parent=63"}],"curies":[{"name":"wp","href":"https:\/\/api.w.org\/{rel}","templated":true}]}}