{"id":74,"date":"2012-08-05T13:58:08","date_gmt":"2012-08-05T13:58:08","guid":{"rendered":"http:\/\/www.optowest.fi\/?page_id=74"},"modified":"2012-08-05T13:58:08","modified_gmt":"2012-08-05T13:58:08","slug":"vad-ar-optisk-fiber","status":"publish","type":"page","link":"https:\/\/www.optowest.fi\/?page_id=74","title":{"rendered":"VAD \u00c4R OPTISK FIBER?"},"content":{"rendered":"<p>En optisk fiber \u00e4r en mycket tunn ljusledare tillverkad av glas, och l\u00e4ngs den kan man leda signaler i form av ljus. Den optiska fibern \u00e4r \u00f6verl\u00e4gsen kopparkablar b\u00e5de n\u00e4r det g\u00e4ller \u00f6verf\u00f6ringshastighet och andra egenskaper. De fr\u00e4msta f\u00f6rdelarna \u00e4r tillf\u00f6rlitlighet, n\u00e4rmast obegr\u00e4nsad kapacitet och beredskap att utnyttja ocks\u00e5 framtida tj\u00e4nster. Kanske mer \u00e4n du beh\u00f6ver f\u00f6r tillf\u00e4llet, men man har uppskattat att snabbheten r\u00e4cker f\u00f6r de krav teknikens utveckling kommer att st\u00e4lla under 50 \u00e5r fram\u00e5t.<\/p>\n<p>&nbsp;<\/p>\n<p>De flesta nya tj\u00e4nster som utvecklas bygger p\u00e5 optisk fiberteknik. De tr\u00e5dl\u00f6sa n\u00e4ten har redan n\u00e5tt gr\u00e4nserna f\u00f6r sina m\u00f6jligheter.<\/p>\n<p>&nbsp;<\/p>\n<p>&nbsp;<\/p>\n<h3>VAD HAR DU F\u00d6R NYTTA AV DEN?<\/h3>\n<p>&nbsp;<\/p>\n<p>Det optiska fibern\u00e4tet erbjuder supersnabb data\u00f6verf\u00f6ring, d\u00e4r \u00f6verf\u00f6ringshastigheten i b\u00e5da riktningarna \u00e4r 100 Mbit\/s. Det h\u00e4r inneb\u00e4r bl. a. helt nya s\u00e4tt att se p\u00e5 TV och t.ex. spel p\u00e5 n\u00e4tet \u2026 fr\u00e5ga bara ungdomarna i familjen varf\u00f6r det \u00e4r s\u00e5 viktigt. HDTV \u2013 snart ocks\u00e5 3D-television \u2013 kr\u00e4ver en mycket snabb och stabil data\u00f6verf\u00f6ringskanal f\u00f6r att fungera fullt ut och utan avbrott. H\u00f6gresolutionstelevision har vi redan i dag, den tredimensionella bilden \u00e4r p\u00e5 kommande, och snart kan vi se den utan problem ocks\u00e5 i Bromarv och Tenala! Du f\u00e5r en enorm m\u00e4ngd TV-kanaler att v\u00e4lja mellan, bl.a. alla de svenska SVT-kanalerna. Om inte det r\u00e4cker till kan du hyra kvalitetsfilm direkt i soffan d\u00e4rhemma. Du kan banda och lagra m\u00e4ngder av dina favoritprogram \u2013 i ditt eget lagringsutrymme p\u00e5 n\u00e4tet.<\/p>\n","protected":false},"excerpt":{"rendered":"<p>En optisk fiber \u00e4r en mycket tunn ljusledare tillverkad av glas, och l\u00e4ngs den kan man leda signaler i form av ljus. Den optiska fibern \u00e4r \u00f6verl\u00e4gsen kopparkablar b\u00e5de n\u00e4r det g\u00e4ller \u00f6verf\u00f6ringshastighet och andra egenskaper. De fr\u00e4msta f\u00f6rdelarna \u00e4r tillf\u00f6rlitlighet, n\u00e4rmast obegr\u00e4nsad kapacitet och beredskap att utnyttja ocks\u00e5 framtida tj\u00e4nster. Kanske mer \u00e4n du [&hellip;]<\/p>\n","protected":false},"author":1,"featured_media":0,"parent":0,"menu_order":0,"comment_status":"open","ping_status":"open","template":"","meta":{"footnotes":""},"class_list":["post-74","page","type-page","status-publish","hentry"],"_links":{"self":[{"href":"https:\/\/www.optowest.fi\/index.php?rest_route=\/wp\/v2\/pages\/74","targetHints":{"allow":["GET"]}}],"collection":[{"href":"https:\/\/www.optowest.fi\/index.php?rest_route=\/wp\/v2\/pages"}],"about":[{"href":"https:\/\/www.optowest.fi\/index.php?rest_route=\/wp\/v2\/types\/page"}],"author":[{"embeddable":true,"href":"https:\/\/www.optowest.fi\/index.php?rest_route=\/wp\/v2\/users\/1"}],"replies":[{"embeddable":true,"href":"https:\/\/www.optowest.fi\/index.php?rest_route=%2Fwp%2Fv2%2Fcomments&post=74"}],"version-history":[{"count":1,"href":"https:\/\/www.optowest.fi\/index.php?rest_route=\/wp\/v2\/pages\/74\/revisions"}],"predecessor-version":[{"id":75,"href":"https:\/\/www.optowest.fi\/index.php?rest_route=\/wp\/v2\/pages\/74\/revisions\/75"}],"wp:attachment":[{"href":"https:\/\/www.optowest.fi\/index.php?rest_route=%2Fwp%2Fv2%2Fmedia&parent=74"}],"curies":[{"name":"wp","href":"https:\/\/api.w.org\/{rel}","templated":true}]}}