{"id":76,"date":"2012-08-05T14:03:04","date_gmt":"2012-08-05T14:03:04","guid":{"rendered":"http:\/\/www.optowest.fi\/?page_id=76"},"modified":"2012-08-05T14:03:04","modified_gmt":"2012-08-05T14:03:04","slug":"anvandningsomraden","status":"publish","type":"page","link":"https:\/\/www.optowest.fi\/?page_id=76","title":{"rendered":"ANV\u00c4NDNINGSOMR\u00c5DEN"},"content":{"rendered":"<h3>\u00d6PPET N\u00c4T<\/h3>\n<p>V\u00e5rt optiska fibern\u00e4t \u00e4r ett \u00f6ppet n\u00e4t. D\u00e4r kan alla intresserade tj\u00e4nsteproducenter erbjuda just dig sina produkter. Vi \u00e4r inte bundna till bara en tj\u00e4nsteproducent och de ekonomiska och andra beslut den kan t\u00e4nkas fatta. (De flesta fibern\u00e4ten \u00e4r slutna n\u00e4t: \u00e4garen best\u00e4mmer vem som driver det, till vilket pris, och tar sin andel av allt\u2026 Eller konstaterar att verksamheten inte \u00e4r tillr\u00e4ckligt l\u00f6nsam och st\u00e4nger av det!) Vi har utsett Karis Telefon till v\u00e5r f\u00f6rsta tj\u00e4nsteproducent och samarbetspartner.<\/p>\n<p>&nbsp;<\/p>\n<p>&nbsp;<\/p>\n<h3>VILL DU HA TR\u00c5DTELEFONEN TILLBAKA?<\/h3>\n<p>Du f\u00e5r f\u00f6rdelaktiga telefontj\u00e4nster \u2013 du kan v\u00e4lja det b\u00e4sta erbjudandet. Kapaciteten r\u00e4cker till och det fungerar ocks\u00e5 s\u00e4krare! Tr\u00e5dtelefonf\u00f6rbindelserna kommer att fungera i v\u00e5rt bredbandsn\u00e4t.<\/p>\n<p>&nbsp;<\/p>\n<p>&nbsp;<\/p>\n<h3>OMSORGSTJ\u00c4NSTER L\u00c4GGS UT P\u00c5 N\u00c4TET<\/h3>\n<p>M\u00e5ltidsbest\u00e4llning, samtalshj\u00e4lp, trygghetstj\u00e4nster \u2026 I framtiden kommer man att kunna utf\u00f6ra sm\u00e4rre och rutinm\u00e4ssiga l\u00e4karunders\u00f6kningar \u00f6ver n\u00e4tet. F\u00f6r s\u00e5dant beh\u00f6vs emellertid supersnabb data\u00f6verf\u00f6ring och h\u00f6gresolutionsbild. F\u00f6rutom snabbare v\u00e5rd ger det inbesparingar i b\u00e5de tid och kostnader, tom. milj\u00f6n skonas genom mindre trafik. Framf\u00f6rallt kan vi forts\u00e4tta att bo hemma tryggare och l\u00e4ngre. Till exempel Bromarvborna har lika god tillg\u00e5ng till snabb och sakkunnig v\u00e5rd som folk i st\u00f6rre centra, den regionala j\u00e4mlikheten \u00f6kar.<\/p>\n<p>&nbsp;<\/p>\n<p>&nbsp;<\/p>\n<h3>SNART G\u00c5R DET ATT STUDERA P\u00c5 N\u00c4TET<\/h3>\n<p>M\u00f6jligheter till utbildning och studier \u00f6kar explosionsartat. V\u00e5ra barn och barnbarn kan stanna p\u00e5 hemorten eftersom en stor del av de dagliga studierna kan utf\u00f6ras p\u00e5 n\u00e4tet. I Sverige har man redan f\u00e5tt utm\u00e4rkta erfarenheter av de m\u00f6jligheter n\u00e4tutbildning kan ge tack vare den tekniska utvecklingen: optisk fiberf\u00f6rbindelse ger en snabb bild av h\u00f6g kvalitet, som f\u00e5r dig att k\u00e4nna n\u00e4stan som om du var i samma rum som l\u00e4raren! Kanske du kunde ta upp de d\u00e4r spr\u00e5kstudierna som du alltid har haft planer p\u00e5 \u2013 bekv\u00e4mt hemma hos dig?<\/p>\n<p>&nbsp;<\/p>\n<p>&nbsp;<\/p>\n<h3>VAD \u00c4R DIN FASTIGHET V\u00c4RD?<\/h3>\n<p>V\u00e4rdet p\u00e5 din fastighet g\u00e5r upp omedelbart d\u00e5 du anslutit dig till fibern\u00e4tet. N\u00e4r man s\u00e4ljer fastigheter i glesbygden \u00e4r det viktigt att huset \u00e4r attraktivt ocks\u00e5 i andra avseenden \u00e4n pris och omgivning. N\u00e4r fj\u00e4rrarbete och n\u00e4tutnyttjande \u00f6kar inom alla generationer kommer ocks\u00e5 krav och f\u00f6rv\u00e4ntningar att stiga. Att ditt hus har en snabb bredbandsf\u00f6rbindelse \u00e4r lika viktigt som vatten och el.<\/p>\n<p>&nbsp;<\/p>\n<p>Det optiska fibern\u00e4tet \u00e4r en investering f\u00f6r l\u00e5ng tid fram\u00e5t och din vardag blir avsev\u00e4rt mycket bekv\u00e4mare. F\u00f6r anslutningen kan du f\u00e5 ett ytterst f\u00f6rm\u00e5nligt l\u00e5n t.ex. av Andelsbanken Raseborg. Gl\u00f6m inte heller r\u00e4tten till hush\u00e5llsavdrag!<\/p>\n","protected":false},"excerpt":{"rendered":"<p>\u00d6PPET N\u00c4T V\u00e5rt optiska fibern\u00e4t \u00e4r ett \u00f6ppet n\u00e4t. D\u00e4r kan alla intresserade tj\u00e4nsteproducenter erbjuda just dig sina produkter. Vi \u00e4r inte bundna till bara en tj\u00e4nsteproducent och de ekonomiska och andra beslut den kan t\u00e4nkas fatta. (De flesta fibern\u00e4ten \u00e4r slutna n\u00e4t: \u00e4garen best\u00e4mmer vem som driver det, till vilket pris, och tar sin [&hellip;]<\/p>\n","protected":false},"author":1,"featured_media":0,"parent":0,"menu_order":0,"comment_status":"open","ping_status":"open","template":"","meta":{"footnotes":""},"class_list":["post-76","page","type-page","status-publish","hentry"],"_links":{"self":[{"href":"https:\/\/www.optowest.fi\/index.php?rest_route=\/wp\/v2\/pages\/76","targetHints":{"allow":["GET"]}}],"collection":[{"href":"https:\/\/www.optowest.fi\/index.php?rest_route=\/wp\/v2\/pages"}],"about":[{"href":"https:\/\/www.optowest.fi\/index.php?rest_route=\/wp\/v2\/types\/page"}],"author":[{"embeddable":true,"href":"https:\/\/www.optowest.fi\/index.php?rest_route=\/wp\/v2\/users\/1"}],"replies":[{"embeddable":true,"href":"https:\/\/www.optowest.fi\/index.php?rest_route=%2Fwp%2Fv2%2Fcomments&post=76"}],"version-history":[{"count":2,"href":"https:\/\/www.optowest.fi\/index.php?rest_route=\/wp\/v2\/pages\/76\/revisions"}],"predecessor-version":[{"id":78,"href":"https:\/\/www.optowest.fi\/index.php?rest_route=\/wp\/v2\/pages\/76\/revisions\/78"}],"wp:attachment":[{"href":"https:\/\/www.optowest.fi\/index.php?rest_route=%2Fwp%2Fv2%2Fmedia&parent=76"}],"curies":[{"name":"wp","href":"https:\/\/api.w.org\/{rel}","templated":true}]}}