{"id":79,"date":"2012-08-05T14:10:58","date_gmt":"2012-08-05T14:10:58","guid":{"rendered":"http:\/\/www.optowest.fi\/?page_id=79"},"modified":"2022-01-27T09:44:26","modified_gmt":"2022-01-27T09:44:26","slug":"aktuella-fragor-och-svar-angaende-kampanjen-i-tenala-bromarv","status":"publish","type":"page","link":"https:\/\/www.optowest.fi\/?page_id=79","title":{"rendered":"Aktuella fr\u00e5gor och svar"},"content":{"rendered":"<h3>Vilka personuppgifter samlas in om mig?<\/h3>\n<p>Du kan l\u00e4sa om vilka personuppgifter som Andelslaget Optowest insamlar och \u00e4ndam\u00e5let f\u00f6r insamlingen i v\u00e5r<\/p>\n<p><a href=\"https:\/\/www.optowest.fi\/wp-content\/uploads\/2012\/08\/Dataskyddsbeskrivning_2018_05_25.pdf\">DATASKYDDSBESKRIVNING\u00a0<\/a><\/p>\n<h3>Hur best\u00e4ller jag fiberanslutnigen?<\/h3>\n<p>Ans\u00f6k f\u00f6rst om medlemskap i andelslaget genom l\u00e4nken. Autentisering sker med bankkoder.<\/p>\n<p><a href=\"https:\/\/www.vismasignforms.com\/sv\/form\/c38fd60a-fd89-45f4-aae5-45616d413ca8\">Medlemsans\u00f6kan<\/a><\/p>\n<p>.<\/p>\n<p>Optowest kontaktar dig och skickar avtal f\u00f6r fiberanslutningen samt meddelar n\u00e4r fiberanslutningen kan installeras.<\/p>\n<p>Ifall du har fr\u00e5gor kan du kontakta Optowests genom att skicka ett e-postmeddelande till info@optowest.fi eller ringa 045 874 9554.<\/p>\n<h3>N\u00e4r och till vilket konto skall jag betala fiberanslutningen?<\/h3>\n<p>Efter att avtalet om fiberanslutning har undertecknats av b\u00e5da parterna skickas en faktura. Betalningstiden f\u00f6r en andel i andelslaget \u00e4r 30 dagar netto.<\/p>\n<h3>N\u00e4r f\u00e5r jag min fiberanslutning?<\/h3>\n<p>Under byggandet av stamkabeln utbyggs \u00e4ven parallelt byan\u00e4tverken l\u00e4ngs med stamkabeln. Byan\u00e4ten byggs ut f\u00f6rst d\u00e4r st\u00f6rsta intresset finns. Om kanel finns n\u00e4ra ditt hus s\u00e5 kan inkopplingen ske inom mycket kort tid.<\/p>\n<p>F\u00f6lj med informationen som ges p\u00e5 Optowests hemsidor ang\u00e5ende utbyggnaden av n\u00e4tet.<\/p>\n<h3><strong>G\u00e4ller samma fiberanslutningspris\u00a0\u00e4ven fritidsboende?<\/strong><\/h3>\n<p>Ja det g\u00e4ller alla inom omr\u00e5den och priss\u00e4ttningen \u00e4r den samma f\u00f6r alla andelslagsmedlemmar, solidarisk priss\u00e4ttning. Se dock begr\u00e4nsningar i Prislistan.<\/p>\n<h3>V\u00e5r fastighet ligger ytterom det utbyggda omr\u00e5det. N\u00e4r f\u00e5r vi fiber?<\/h3>\n<p>Om intresset \u00e4r stort inom ett omr\u00e5de s\u00e5 bygger vi ut n\u00e4tet d\u00e4r ocks\u00e5. Var aktiv och samla ihop grannarna och de som ligger l\u00e4ngs med linjen till kopplingspunkten p\u00e5 stamkabeln. Vi har redan s\u00e5dana exempel d\u00e4r utbyggnaden g\u00f6rs utanf\u00f6r kampanjomr\u00e5det.<\/p>\n<p>Meddela intresse genom att bli <a href=\"https:\/\/www.optowest.fi\/?p=1240\">medlem i andelslaget<\/a>.<br \/>.<\/p>\n<p>\u00a0<\/p>\n<h3>P\u00e5 v\u00e5r l\u00e4genhet finns det flera hus. Beh\u00f6ver alla en egen fiberanslutning eller kan vi dela p\u00e5 samma?<\/h3>\n<p>Ja, alla beh\u00f6ver g\u00f6ra ett eget avtal om en egen fiberanslutning om det \u00e4r fr\u00e5gan om olika hush\u00e5ll. \u00c4r det samma familj och hush\u00e5ll s\u00e5 r\u00e4cker en anslutning som man delar p\u00e5.<\/p>\n<h1 class=\"ruba\">e-postserver p\u00e5 utg\u00e5ende e-post i Optowests n\u00e4t<\/h1>\n<p>Om ni har problem att skicka e-post d\u00e5 datorn \u00e4r kopplad till Optowests n\u00e4t kan det bero p\u00e5 att inst\u00e4llningen p\u00e5 utg\u00e5ende postl\u00e5dan \u00e4r fel. Felet r\u00e4ttas till genom att ange som utg\u00e5ende e-postserver <strong>smtp.ktnet.fi<\/strong><strong>\u00a0<\/strong><\/p>\n<p>Operat\u00f6rer f\u00f6rhindrat vanligtvis att n\u00e5gon skickar e-post fr\u00e5n en annan e-postserver \u00e4n den egna. Detta f\u00f6r att f\u00f6rhindra spam-post. I vissa e-postprogram kan man lagra flera utg\u00e5ende postservrar f\u00f6r att inte beh\u00f6va byta varje g\u00e5ng \u00a0man f\u00f6rflyttar sig till en annan operat\u00f6rs n\u00e4t. Anv\u00e4nder man sk. Web-mail s\u00e5 har man inte detta problem.<\/p>\n<h1 class=\"ruba\">Vanliga fr\u00e5gor och p\u00e5st\u00e5enden om optisk fiber<\/h1>\n<h3>Inte beh\u00f6ver jag optisk fiber, jag klarar mig bra med nuvarande bredband!<\/h3>\n<p>Visst, men utvecklingen stannar inte. F\u00f6r 4-5 \u00e5r sedan \u201dklarade\u201d man sig med bredbandshastigheter som nu inte r\u00e4cker till mera. Hela tiden kommer allt fler tj\u00e4nster som kr\u00e4ver mer och mer av v\u00e5ra uppkopplingar. V\u00e5ra nuvarande telefonlinjer har n\u00e5tt sin maximigr\u00e4ns f\u00f6r vad de klarar av.<\/p>\n<h3>Varf\u00f6r optisk fiber?<\/h3>\n<p>Det \u00e4r den enda tekniken som \u00e4r framtidss\u00e4ker. Kapaciteten i en enda fiber, tunn som ett h\u00e5rstr\u00e5, \u00e4r tillr\u00e4cklig f\u00f6r att \u00f6verf\u00f6ra Finlands hela nuvarande kommunikationsbehov.Fungerar med ljus, inte elektricitet = \u00e5sks\u00e4ker, oftast nergr\u00e4vd i marken och skyddad fr\u00e5n v\u00e4der och vindKlarar av m\u00e5nga olika typers trafik; data naturligtvis, men ocks\u00e5 telefoni och t.ex. TV-s\u00e4ndningar.<\/p>\n<h3>De tr\u00e5dl\u00f6sa l\u00f6sningarna blir hela tiden snabbare!<\/h3>\n<p>St\u00e4mmer. Men h\u00f6gre hastigheter betyder h\u00f6gre frekvens, vilket i sin tur betyder kortare r\u00e4ckvidd. De supersnabba tr\u00e5dl\u00f6sa l\u00f6sningar som aviserats, klarar t.o.m. i teorin bara av avst\u00e5nd p\u00e5 n\u00e5gra hundra meter, i praktiken ofta mycket mindre.<\/p>\n<p>L\u00e4s mera p\u00e5 t.ex.\u00a0<a href=\"http:\/\/wirelessgigabitalliance.org\/\">http:\/\/wirelessgigabitalliance.org<\/a><\/p>\n<p>Dessa snabba tr\u00e5dl\u00f6sa l\u00f6sningar passar utm\u00e4rkt f\u00f6r \u00f6verf\u00f6ringen inom hemmet s\u00e5 att man slipper ledningsdragningar och kabelh\u00e4rvor, men \u00e4r inget f\u00f6r \u00f6verf\u00f6ringen till hemmet.<\/p>\n<p>Den tr\u00e5dl\u00f6sa \u00f6verf\u00f6ringskapaciteten \u00e4r inte obegr\u00e4nsad och b\u00f6r i f\u00f6rsta hand reserveras f\u00f6r de till\u00e4mpningar d\u00e4r kommunikationen kr\u00e4ver en s\u00e5dan l\u00f6sning t.ex. till och fr\u00e5n mobila enheter (bil, flyg, t\u00e5g, b\u00e5t mm.)<\/p>\n<h3>Varf\u00f6r ska vi bygga, det g\u00f6r v\u00e4l operat\u00f6rerna?<\/h3>\n<p>Ja, det g\u00f6r de v\u00e4l. I t\u00e4torterna. Operat\u00f6rerna fungerar p\u00e5 kommersiell basis och m\u00e5ste d\u00e4rf\u00f6r r\u00e4kna med att f\u00e5 tillbaka sina investeringar p\u00e5 relativt kort tid. Det betyder att det skall vara l\u00f6nsamt att bygga ut n\u00e4tet, och d\u00e5 kr\u00e4vs att man f\u00e5r m\u00f6jligast m\u00e5nga anslutningar med minst m\u00f6jliga insats.<\/p>\n<p>Glesbygden \u00e4r helt annorlunda. Ingen operat\u00f6r har visat intresse att bygga i glesbygden. Vill vi ha snabba bredband p\u00e5 glesbygden m\u00e5ste vi bygga dem sj\u00e4lva.<\/p>\n<p>Och det viktigaste! Om vi \u00e4ger n\u00e4tet kan vi garantera ett fritt och \u00f6ppet n\u00e4t, d\u00e4r alla operat\u00f6rer kan konkurrera p\u00e5 lika villkor med sina tj\u00e4nster, vi blir inte i h\u00e4nderna p\u00e5 bara en operat\u00f6r.<\/p>\n<h3>Varf\u00f6r andelslag?<\/h3>\n<p>Om vi sj\u00e4lva ska bygga s\u00e5 m\u00e5ste vi organisera oss p\u00e5 n\u00e5got s\u00e4tt. Andelslag \u00e4r en bepr\u00f6vad och fungerande bolagsform som har anv\u00e4nts och fortfarande anv\u00e4nds i m\u00e5nga liknande sammanhang. T\u00e4nk bara p\u00e5 telefonins start, eller p\u00e5 vattenandelslag eller S-butikskedjans start eller p\u00e5 hur v\u00e4glag fungerar.<\/p>\n<h3>Till vad beh\u00f6ver man det?<\/h3>\n<p>Behovet finns redan nu i synnerhet n\u00e4r det g\u00e4ller bilder. Bildstorlekarna och antalet bilder som finns tillg\u00e4ngligt \u00f6ver internet har vuxit explosionsartat under n\u00e5gra f\u00e5 \u00e5r, och det syns inga tecken p\u00e5 att denna utveckling skulle stanna.<\/p>\n<p>M\u00f6jligheterna att ladda ner filmer, eller att se p\u00e5 film eller TV-serier \u00f6ver internet \u00f6kar f\u00f6r var dag. M\u00e5nga TV-leverant\u00f6rer har bara under det senaste \u00e5ret byggt ut sina tj\u00e4nster som just nu i praktiken inneb\u00e4r att man kan se p\u00e5 det senaste avsnittet av de popul\u00e4raste TV-serierna \u00f6ver n\u00e4tet strax efter s\u00e4ndningen i \u201dvanliga\u201d TV:n.<\/p>\n<p>Flera bolag bjuder m\u00f6jlighet att teckna kabelTV abonnemang bara man har en tillr\u00e4ckligt snabb bredbandsf\u00f6rbindelse (= optisk fiber) T\u00e4nk, inga antenner p\u00e5 taken mer!<\/p>\n<p>Distansarbete, ett modeord f\u00f6r n\u00e5gra \u00e5r sedan, har inte riktigt f\u00e5tt fart, mest beroende p\u00e5 att det inte har funnits tillg\u00e5ng till tillr\u00e4ckligt snabba f\u00f6rbindelser. Men det betyder inte att inte folk fortfarande skulle vara intresserade. Och d\u00e5 \u00e4r det landsbygden som g\u00e4ller, f\u00f6r det \u00e4r ju d\u00e4r man vill vara och distansarbeta. Distansarbete skulle dessutom spara kostnader, f\u00e4rre resor, mer milj\u00f6v\u00e4nligt.<\/p>\n<h3>Det blir f\u00f6r dyrt, inte har jag r\u00e5d med en anslutningsavgift p\u00e5 ca 3000 \u20ac!<\/h3>\n<p>Jaha! Och vad kostar nuvarande bredband d\u00e5? P\u00e5 bara fyra fem \u00e5r l\u00e4gger vi ut samma summa pengar och har f\u00e5tt \u2013 vad? Det \u00e4r klart att det kostar, det g\u00f6r det oberoende vem som bygger, men investerar vi sj\u00e4lva, s\u00e5 \u00e4ger vi sj\u00e4lva ocks\u00e5 n\u00e5got. Ingen kan komma och plocka bort n\u00e4tet p\u00e5 det s\u00e4tt som nu sker p\u00e5 m\u00e5nga h\u00e5ll i landet med telefontr\u00e5darna.<\/p>\n\n\n<p><\/p>\n","protected":false},"excerpt":{"rendered":"<p>Vilka personuppgifter samlas in om mig? Du kan l\u00e4sa om vilka personuppgifter som Andelslaget Optowest insamlar och \u00e4ndam\u00e5let f\u00f6r insamlingen i v\u00e5r DATASKYDDSBESKRIVNING\u00a0 Hur best\u00e4ller jag fiberanslutnigen? Ans\u00f6k f\u00f6rst om medlemskap i andelslaget genom l\u00e4nken. Autentisering sker med bankkoder. Medlemsans\u00f6kan . Optowest kontaktar dig och skickar avtal f\u00f6r fiberanslutningen samt meddelar n\u00e4r fiberanslutningen kan installeras. [&hellip;]<\/p>\n","protected":false},"author":1,"featured_media":0,"parent":0,"menu_order":0,"comment_status":"open","ping_status":"open","template":"","meta":{"footnotes":""},"class_list":["post-79","page","type-page","status-publish","hentry"],"_links":{"self":[{"href":"https:\/\/www.optowest.fi\/index.php?rest_route=\/wp\/v2\/pages\/79","targetHints":{"allow":["GET"]}}],"collection":[{"href":"https:\/\/www.optowest.fi\/index.php?rest_route=\/wp\/v2\/pages"}],"about":[{"href":"https:\/\/www.optowest.fi\/index.php?rest_route=\/wp\/v2\/types\/page"}],"author":[{"embeddable":true,"href":"https:\/\/www.optowest.fi\/index.php?rest_route=\/wp\/v2\/users\/1"}],"replies":[{"embeddable":true,"href":"https:\/\/www.optowest.fi\/index.php?rest_route=%2Fwp%2Fv2%2Fcomments&post=79"}],"version-history":[{"count":25,"href":"https:\/\/www.optowest.fi\/index.php?rest_route=\/wp\/v2\/pages\/79\/revisions"}],"predecessor-version":[{"id":2326,"href":"https:\/\/www.optowest.fi\/index.php?rest_route=\/wp\/v2\/pages\/79\/revisions\/2326"}],"wp:attachment":[{"href":"https:\/\/www.optowest.fi\/index.php?rest_route=%2Fwp%2Fv2%2Fmedia&parent=79"}],"curies":[{"name":"wp","href":"https:\/\/api.w.org\/{rel}","templated":true}]}}