{"id":93,"date":"2012-08-05T20:07:54","date_gmt":"2012-08-05T20:07:54","guid":{"rendered":"http:\/\/www.optowest.fi\/?page_id=93"},"modified":"2021-12-15T11:38:59","modified_gmt":"2021-12-15T11:38:59","slug":"prislista","status":"publish","type":"page","link":"https:\/\/www.optowest.fi\/?page_id=93","title":{"rendered":"PRISLISTA"},"content":{"rendered":"<h1><strong>Andelslaget Optowests prislista<\/strong><\/h1>\n<h2>.<\/h2>\n<h2><strong>Medlemskap i Andelslaget Optowest<br \/>\n.<br \/>\n<\/strong><\/h2>\n<p><strong>A<\/strong><strong>ndel f\u00f6r medlemskap, teckningspris 200 \u20ac vilket \u00e4r samma som det nominella v\u00e4rdet p\u00e5 andelen.<br \/>\n<\/strong><\/p>\n<p>Medlem b\u00f6r ta minst en (1) andel i andelslaget samt en (1) andel f\u00f6r varje fiberanslutning. Andelens nominella v\u00e4rde (andelsinsats) \u00e4r 200 \u20ac<\/p>\n<p>&#8211;<\/p>\n<h2><strong>Fiberanslutning<\/strong><\/h2>\n<p>.<\/p>\n<p><strong>Alternativ 1) Andel f\u00f6r fiberanslutning, teckningspris 3150 \u20ac, varav nominellt v\u00e4rde 200 \u20ac. Kr\u00e4ver medlemskap i andelslaget. P\u00e5 andelar i andelslaget tillkommer ingen moms. Extra debitering f\u00f6r kostnader som uppst\u00e5r om fiberanslutningen byggs efter att stamlinjen \u00e4r byggd.*)\u00a0\u00a0<\/strong><\/p>\n<p>.<\/p>\n<p><strong>Alternativ 2) Icke-\u00e5terbetalningsbar men \u00f6verf\u00f6ringsbar fiberanslutning p\u00e5 utbyggda omr\u00e5den\u00a0d\u00e4r det \u00e4r m\u00f6jligt att f\u00e5 en fiberanslutning (adressen b\u00f6r bekr\u00e4ftas), moms belagd fiberanslutning. Pris utan moms 3000 \u20ac, med\u00a024 % moms 3720 \u20ac.\u00a0Extra debitering f\u00f6r kostnader som uppst\u00e5r om fiberanslutningen byggs efter att stamlinjen \u00e4r byggd.<\/strong><\/p>\n<p><strong>.<\/strong><\/p>\n<p><strong>Alternativ 3) Vattenandelslag och byasamh\u00e4llen, som deltar i byggandet av fibern\u00e4tverket. Erbjudande p\u00e5 fiberanslutningsavgiften fr\u00e5n fall till fall enligt abonnentantalet och synergif\u00f6rdelar.\u00a0<\/strong><\/p>\n<p>.<\/p>\n<p><em>I fiberanslutningen ing\u00e5r kabeldragning till tomtgr\u00e4nsen (fastighetsgr\u00e4nsen eller inom fastigheten vid kopplingspunkt p\u00e5 byan\u00e4tet, max. 150 m f\u00e5gelv\u00e4gen fr\u00e5n huset), extra l\u00e4ngd kabel som r\u00e4cker fram till anslutningspunkten i ditt hus, installation av en\u00a0 kopplingsdosa f\u00f6r dubbelriktad bredbandsf\u00f6rbindelse och en linje f\u00f6r kabelTV. \u00c4ndutrustning ing\u00e5r inte. \u00c4ndutrustningen \u00e4r beroenda av \u00f6nskade tj\u00e4nster, uppskattat pris ca. 200 \u20ac. Abonnenten ansvarar och betalar f\u00f6r kabeldragningen p\u00e5 sin egen tomt samt att jordning av fiberkabel och kopplingsdosan. Fiberanslutningen \u00e4r knuten till ett f\u00f6rbrukningsst\u00e4lle och kan inte \u00f6verf\u00f6ras till ett annat.<br \/>\n<\/em><\/p>\n<p><em>Priserna f\u00f6r normala\u00a0 fiberanslutningarna g\u00e4ller f\u00f6r max. 2000 m avst\u00e5nd till stamn\u00e4tets n\u00e4rmaste kopplingspunkt under normala f\u00f6rh\u00e5llanden.\u00a0<\/em><\/p>\n<p><em>Till\u00e4ggsavgift kan beg\u00e4ras f\u00f6r <\/em><br \/>\n<em>a) avst\u00e5nd \u00f6ver 2000 m<\/em><br \/>\n<em>b) om kabel dras genom skogsmark, vattendrag, berg (spr\u00e4ngning eller luftledning) <\/em><br \/>\n<em>c) om marklov inte erh\u00e5lls den kortaste v\u00e4gen<\/em><br \/>\n<em>d) om det inte finns tillr\u00e4ckligt m\u00e5nga anslutningar p\u00e5 linjen, uppskattad kostnad f\u00f6r nedl\u00e4ggning av enskilld abonnentkabel 18 \u20ac\/m\u00a0 (moms 24 %).<\/em><\/p>\n<p><strong>\u00a0<\/strong><\/p>\n<h2><strong>M\u00e5nadsavgifter (andelslagsmedlemmar)<\/strong><\/h2>\n<p>En grundavgift och en anv\u00e4ndningsavgift\u00a0uppb\u00e4rs m\u00e5natligen d\u00e5 f\u00f6rbindelsen blivit kopplad.\u00a0I anv\u00e4ndningsavgiften ing\u00e5r Internet-kontakt 200 Mbit\/s i b\u00e5da riktningarna.<\/p>\n<p>M\u00e5natlig <strong>Grundavgift 29,76 \u20ac \/ m\u00e5nad<\/strong> (inkl. moms 24 %), betalas av alla som har kopplingsdosa installerad<br \/>\nM\u00e5nadsavgift <strong>f\u00f6r anv\u00e4ndandet av Internet 24,80 \u20ac<\/strong> \/ m\u00e5nad (inkl. moms 24 %)<\/p>\n<p>Frivillig <strong>tempor\u00e4r fr\u00e5nkoppling<\/strong> av dataf\u00f6rbindelsen (Internet) t.ex. under vinterhalv\u00e5ret 55,60 \u20ac (inkl 24 % moms). Under tempor\u00e4ra avst\u00e4ngningstiden debiteras grundavgiften. Tillbakakoppling f\u00f6r tempor\u00e4r fr\u00e5nkoppling av dataf\u00f6rbindelse kostnadsfritt.<\/p>\n<h3><\/h3>\n<h2><strong>M\u00e5nadsavgifter (icke-medlemmar)<\/strong><\/h2>\n<p>M\u00e5natlig <strong>Grundavgift 29,76 \u20ac \/ m\u00e5nad<\/strong> (inkl. moms 24 %)<br \/>\nM\u00e5nadsavgift <strong>f\u00f6r Internet 24,80 \u20ac<\/strong> \/ m\u00e5nad (inkl. moms 24 %) 200\/200 Mbit\/s<\/p>\n<p>Frivillig <strong>tempor\u00e4r fr\u00e5nkoppling<\/strong> av dataf\u00f6rbindelsen (Internet) t.ex. under vinterhalv\u00e5ret 55,60 \u20ac (inkl 24 % moms.). Under tempor\u00e4ra avst\u00e4ngningstiden debiteras grundavgiften. Tillbakakoppling f\u00f6r tempor\u00e4r fr\u00e5nkoppling av dataf\u00f6rbindelse kostnadsfritt.<\/p>\n<h3><\/h3>\n<h2><strong>Hyresabonnemang<\/strong><\/h2>\n<p>Andelslaget Optowest erbjuder \u00e4ven hyresabonnemang (Internet) p\u00e5 vissa adresser\u00a0inom de\u00a0utbyggda omr\u00e5de.\u00a0Hyresabonnemanget \u00e4r tidsbundet 24 m\u00e5nader, och f\u00f6rnyas om det inte s\u00e4gs upp f\u00f6re avtalstidens slut.\u00a0 Hyresabonnemanget kan inte \u00f6verf\u00f6ras till annat f\u00f6rbrukningsst\u00e4lle eller till annan person<br \/>\n.<br \/>\nStart\/inkopplingsavgift 620 \u20ac<br \/>\nM\u00e5nadsavgift 96,50 \u20ac\/m\u00e5nad 100\/100 Mbits.<br \/>\n\u00c4ndutrustning (modem) ing\u00e5r inte i hyresabonnemanget. Hyrning av \u00e4ndutrustning 12 \u20ac\/m\u00e5n<br \/>\nSignal\u00f6verf\u00f6ring f\u00f6r KabelTV 3,10 \u20ac\/m\u00e5n<br \/>\nPriserna inkluderar moms 24 %.<br \/>\n.<\/p>\n<p>KabelTV-tj\u00e4nster kan best\u00e4llas fr\u00e5n Karis Telefon. KabelTV-leverant\u00f6ren priss\u00e4tter sina tj\u00e4nster separat.<br \/>\nOm du \u00e4r intresserad av ett hyresabonnemang s\u00e5 kontakta oss p\u00e5 info@optowest.fi eller ring 040 554 6845.<br \/>\n.<\/p>\n<p><em>Abonnenten ansvarar och betalar f\u00f6r kabeldragningen p\u00e5 sin egen tomt samt att jordning av fiberkabel och kopplingsdosan.<\/em><\/p>\n<h3><\/h3>\n<h2><strong>Prislista f\u00f6r tj\u00e4nster<\/strong><\/h2>\n<p>KabelTV\u00a0kan best\u00e4llas\u00a0fr\u00e5n Karis Telefon\u00a0d\u00e5 kopplingsdosan \u00e4r installerad\u00a0(fiberanslutningens grundavgift betalas). KabelTV -leverant\u00f6ren priss\u00e4tter sina tj\u00e4nster separat.<\/p>\n<p>Kabel-TV signal\u00f6verf\u00f6ringen ing\u00e5r i grundavgiften som medlemmarna betalar. Av icke-medlemmar, som inte betalar grundavgift debiteras 3,10 \u20ac\/m\u00e5n (inkl. 24 % moms) f\u00f6r Kabel-TV signal\u00f6ver\u00e4ringen i Optowests n\u00e4t. Kabel-TV kr\u00e4ver en fiberanslutning.<\/p>\n<h2><\/h2>\n<h3>\u00d6vriga avgifter<\/h3>\n<p>*) Vid \u00e5terbetalning av andelar uppb\u00e4rs en avgift f\u00f6r ifr\u00e5gavarande typ av andel.<br \/>\nUpps\u00e4gningsavgift vid upps\u00e4gning av fiberanslutning, inkl. bl.a. nedmontering, 2315 \u20ac + moms 24 % = 2870,60 \u20ac. Maximalt det belopp som kan \u00e5terbetalas. G\u00e4ller inte kunder med moms-beskattad fiberanslutning.<br \/>\n.<br \/>\nP\u00e5koppling av avst\u00e4ngd f\u00f6rbindelse 99,20 \u20ac (inkl. 24 % moms), G\u00e4ller f\u00f6r medlemmar som betalar grundavgift<br \/>\n.<br \/>\nInstallationsavgift f\u00f6r ny eller avst\u00e4ngd (permanent) f\u00f6rbindelse, icke-medlemmar: 390 \u20ac (inkl. 24 % moms)<br \/>\n.<br \/>\nFaktureringsavgift 7 \u20ac\/faktura (inkl. 24 % moms). Faktura som e-faktura kostnadsfritt<br \/>\n.<\/p>\n<p><a href=\"https:\/\/www.optowest.fi\/?attachment_id=2292\" rel=\"attachment wp-att-2292\">Prislista f\u00f6r kabeldragning _ Kaapelinvedon hinnasto_2021_09_01<\/a>.<\/p>\n<h3><\/h3>\n<p><strong>Avtalsvillkor och andelslagets stadgar<\/strong><\/p>\n<p><a href=\"https:\/\/www.optowest.fi\/?attachment_id=2005\" rel=\"attachment wp-att-2005\">OPTOWESTS ALLM\u00c4NNA AVTALSVILLKOR F\u00d6R KONSUMENTER_2021-06-15<\/a><\/p>\n<p><a href=\"https:\/\/www.optowest.fi\/?attachment_id=2002\" rel=\"attachment wp-att-2002\">OPTOWESTS SPECIALVILLKOR F\u00d6R FIBERANSLUTNING_2021-06-15<\/a><\/p>\n<p><a href=\"https:\/\/www.optowest.fi\/?attachment_id=2003\" rel=\"attachment wp-att-2003\">OPTOWESTS TJ\u00c4NSTESPECIFIKA AVTALSVILLKOR_2021-06-15<\/a><\/p>\n<p><a href=\"https:\/\/www.optowest.fi\/?attachment_id=2303\" rel=\"attachment wp-att-2303\">STADGAR F\u00d6R ANDELSLAGET OPTOWEST<\/a><\/p>\n<p><strong>Produker f\u00f6r grossister och kabelvisningar<\/strong><\/p>\n<p><a href=\"https:\/\/www.optowest.fi\/?attachment_id=1955\" rel=\"attachment wp-att-1955\">Prislista f\u00f6r grossistprodukter_2020_09_01<\/a><\/p>\n<p><a href=\"https:\/\/www.optowest.fi\/wp-content\/uploads\/2012\/08\/Kaapelin\u00e4ytt\u00f6_hinnasto_Osuuskunta-Optowest_2017_05_01.pdf\">Kaapelin\u00e4ytt\u00f6_hinnasto_Osuuskunta Optowest_2017_05_01<\/a><\/p>\n<div><\/div>\n<div><\/div>\n","protected":false},"excerpt":{"rendered":"<p>Andelslaget Optowests prislista . Medlemskap i Andelslaget Optowest . Andel f\u00f6r medlemskap, teckningspris 200 \u20ac vilket \u00e4r samma som det nominella v\u00e4rdet p\u00e5 andelen. Medlem b\u00f6r ta minst en (1) andel i andelslaget samt en (1) andel f\u00f6r varje fiberanslutning. Andelens nominella v\u00e4rde (andelsinsats) \u00e4r 200 \u20ac &#8211; Fiberanslutning . Alternativ 1) Andel f\u00f6r fiberanslutning, [&hellip;]<\/p>\n","protected":false},"author":1,"featured_media":0,"parent":0,"menu_order":0,"comment_status":"open","ping_status":"open","template":"","meta":{"footnotes":""},"class_list":["post-93","page","type-page","status-publish","hentry"],"_links":{"self":[{"href":"https:\/\/www.optowest.fi\/index.php?rest_route=\/wp\/v2\/pages\/93","targetHints":{"allow":["GET"]}}],"collection":[{"href":"https:\/\/www.optowest.fi\/index.php?rest_route=\/wp\/v2\/pages"}],"about":[{"href":"https:\/\/www.optowest.fi\/index.php?rest_route=\/wp\/v2\/types\/page"}],"author":[{"embeddable":true,"href":"https:\/\/www.optowest.fi\/index.php?rest_route=\/wp\/v2\/users\/1"}],"replies":[{"embeddable":true,"href":"https:\/\/www.optowest.fi\/index.php?rest_route=%2Fwp%2Fv2%2Fcomments&post=93"}],"version-history":[{"count":132,"href":"https:\/\/www.optowest.fi\/index.php?rest_route=\/wp\/v2\/pages\/93\/revisions"}],"predecessor-version":[{"id":2305,"href":"https:\/\/www.optowest.fi\/index.php?rest_route=\/wp\/v2\/pages\/93\/revisions\/2305"}],"wp:attachment":[{"href":"https:\/\/www.optowest.fi\/index.php?rest_route=%2Fwp%2Fv2%2Fmedia&parent=93"}],"curies":[{"name":"wp","href":"https:\/\/api.w.org\/{rel}","templated":true}]}}